{"id":11,"date":"2019-06-25T21:34:16","date_gmt":"2019-06-25T19:34:16","guid":{"rendered":"http:\/\/www.maconnerie-et-compagnie.com\/?page_id=11"},"modified":"2019-06-26T09:54:59","modified_gmt":"2019-06-26T07:54:59","slug":"restauration","status":"publish","type":"page","link":"https:\/\/www.maconnerie-et-compagnie.com\/en\/restauration\/","title":{"rendered":"Restoration"},"content":{"rendered":"<p> We put at your disposal our skills and our know-how in the restoration of the heritage and the old habitat. <\/p>\n\n\n\n<p> We offer, among others, the following services <\/p>\n\n\n\n<figure class=\"wp-block-image\"><img fetchpriority=\"high\" decoding=\"async\" width=\"1024\" height=\"683\" src=\"http:\/\/www.maconnerie-et-compagnie.com\/wp-content\/uploads\/2019\/06\/IMG_7937-1024x683.jpg\" alt=\"\" class=\"wp-image-64\" srcset=\"https:\/\/www.maconnerie-et-compagnie.com\/wp-content\/uploads\/2019\/06\/IMG_7937-1024x683.jpg 1024w, https:\/\/www.maconnerie-et-compagnie.com\/wp-content\/uploads\/2019\/06\/IMG_7937-300x200.jpg 300w, https:\/\/www.maconnerie-et-compagnie.com\/wp-content\/uploads\/2019\/06\/IMG_7937-768x512.jpg 768w, https:\/\/www.maconnerie-et-compagnie.com\/wp-content\/uploads\/2019\/06\/IMG_7937-1200x800.jpg 1200w\" sizes=\"(max-width: 1024px) 100vw, 1024px\" \/><figcaption> Plasterboard with lime<br>Stone masonry  <\/figcaption><\/figure>\n\n\n\n<figure class=\"wp-block-image is-resized\"><img decoding=\"async\" src=\"http:\/\/www.maconnerie-et-compagnie.com\/wp-content\/uploads\/2019\/06\/dd2petit-2-3ca2c.jpg\" alt=\"\" class=\"wp-image-63\" width=\"608\" height=\"456\" srcset=\"https:\/\/www.maconnerie-et-compagnie.com\/wp-content\/uploads\/2019\/06\/dd2petit-2-3ca2c.jpg 400w, https:\/\/www.maconnerie-et-compagnie.com\/wp-content\/uploads\/2019\/06\/dd2petit-2-3ca2c-300x225.jpg 300w\" sizes=\"(max-width: 608px) 100vw, 608px\" \/><figcaption>Tile Cover Boot Stem<\/figcaption><\/figure>\n\n\n\n<p>\nBut also the stone pavement and the cut stone.\n\n<\/p>","protected":false},"excerpt":{"rendered":"<p>Nous mettons \u00e0 votre disposition nos comp\u00e9tences et notre savoir-faire en mati\u00e8re de restauration du patrimoine et de l\u2019habitat ancien. Nous vous proposons, entre autre, les prestations suivantes Mais \u00e9galement le dallage en pierre ainsi que Le ravalement de pierre de taille.<\/p>","protected":false},"author":1,"featured_media":0,"parent":0,"menu_order":0,"comment_status":"closed","ping_status":"closed","template":"","meta":{"footnotes":""},"class_list":["post-11","page","type-page","status-publish","hentry","entry"],"yoast_head":"<!-- This site is optimized with the Yoast SEO plugin v24.5 - https:\/\/yoast.com\/wordpress\/plugins\/seo\/ -->\n<title>Restauration - Ma\u00e7onnerie &amp; Compagnie<\/title>\n<meta name=\"robots\" content=\"index, follow, max-snippet:-1, max-image-preview:large, max-video-preview:-1\" \/>\n<link rel=\"canonical\" href=\"https:\/\/www.maconnerie-et-compagnie.com\/en\/restauration\/\" \/>\n<meta property=\"og:locale\" content=\"en_GB\" \/>\n<meta property=\"og:type\" content=\"article\" \/>\n<meta property=\"og:title\" content=\"Restauration - Ma\u00e7onnerie &amp; Compagnie\" \/>\n<meta property=\"og:description\" content=\"Nous mettons \u00e0 votre disposition nos comp\u00e9tences et notre savoir-faire en mati\u00e8re de restauration du patrimoine et de l\u2019habitat ancien. Nous vous proposons, entre autre, les prestations suivantes Mais \u00e9galement le dallage en pierre ainsi que Le ravalement de pierre de taille.\" \/>\n<meta property=\"og:url\" content=\"https:\/\/www.maconnerie-et-compagnie.com\/en\/restauration\/\" \/>\n<meta property=\"og:site_name\" content=\"Ma\u00e7onnerie &amp; Compagnie\" \/>\n<meta property=\"article:publisher\" content=\"https:\/\/www.facebook.com\/p\/Maonnerie-et-compagnie-100057422509060\/\" \/>\n<meta property=\"article:modified_time\" content=\"2019-06-26T07:54:59+00:00\" \/>\n<meta property=\"og:image\" content=\"http:\/\/www.maconnerie-et-compagnie.com\/wp-content\/uploads\/2019\/06\/IMG_7937-1024x683.jpg\" \/>\n<meta name=\"twitter:card\" content=\"summary_large_image\" \/>\n<script type=\"application\/ld+json\" class=\"yoast-schema-graph\">{\"@context\":\"https:\/\/schema.org\",\"@graph\":[{\"@type\":\"WebPage\",\"@id\":\"https:\/\/www.maconnerie-et-compagnie.com\/restauration\/\",\"url\":\"https:\/\/www.maconnerie-et-compagnie.com\/restauration\/\",\"name\":\"Restauration - Ma\u00e7onnerie &amp; Compagnie\",\"isPartOf\":{\"@id\":\"https:\/\/www.maconnerie-et-compagnie.com\/#website\"},\"primaryImageOfPage\":{\"@id\":\"https:\/\/www.maconnerie-et-compagnie.com\/restauration\/#primaryimage\"},\"image\":{\"@id\":\"https:\/\/www.maconnerie-et-compagnie.com\/restauration\/#primaryimage\"},\"thumbnailUrl\":\"http:\/\/www.maconnerie-et-compagnie.com\/wp-content\/uploads\/2019\/06\/IMG_7937-1024x683.jpg\",\"datePublished\":\"2019-06-25T19:34:16+00:00\",\"dateModified\":\"2019-06-26T07:54:59+00:00\",\"breadcrumb\":{\"@id\":\"https:\/\/www.maconnerie-et-compagnie.com\/restauration\/#breadcrumb\"},\"inLanguage\":\"en-GB\",\"potentialAction\":[{\"@type\":\"ReadAction\",\"target\":[\"https:\/\/www.maconnerie-et-compagnie.com\/restauration\/\"]}]},{\"@type\":\"ImageObject\",\"inLanguage\":\"en-GB\",\"@id\":\"https:\/\/www.maconnerie-et-compagnie.com\/restauration\/#primaryimage\",\"url\":\"http:\/\/www.maconnerie-et-compagnie.com\/wp-content\/uploads\/2019\/06\/IMG_7937-1024x683.jpg\",\"contentUrl\":\"http:\/\/www.maconnerie-et-compagnie.com\/wp-content\/uploads\/2019\/06\/IMG_7937-1024x683.jpg\"},{\"@type\":\"BreadcrumbList\",\"@id\":\"https:\/\/www.maconnerie-et-compagnie.com\/restauration\/#breadcrumb\",\"itemListElement\":[{\"@type\":\"ListItem\",\"position\":1,\"name\":\"Accueil\",\"item\":\"https:\/\/www.maconnerie-et-compagnie.com\/\"},{\"@type\":\"ListItem\",\"position\":2,\"name\":\"Restauration\"}]},{\"@type\":\"WebSite\",\"@id\":\"https:\/\/www.maconnerie-et-compagnie.com\/#website\",\"url\":\"https:\/\/www.maconnerie-et-compagnie.com\/\",\"name\":\"Ma\u00e7onnerie & Compagnie\",\"description\":\"Dans le respect de la nature.\",\"publisher\":{\"@id\":\"https:\/\/www.maconnerie-et-compagnie.com\/#organization\"},\"potentialAction\":[{\"@type\":\"SearchAction\",\"target\":{\"@type\":\"EntryPoint\",\"urlTemplate\":\"https:\/\/www.maconnerie-et-compagnie.com\/?s={search_term_string}\"},\"query-input\":{\"@type\":\"PropertyValueSpecification\",\"valueRequired\":true,\"valueName\":\"search_term_string\"}}],\"inLanguage\":\"en-GB\"},{\"@type\":\"Organization\",\"@id\":\"https:\/\/www.maconnerie-et-compagnie.com\/#organization\",\"name\":\"Ma\u00e7onnerie & Compagnie\",\"url\":\"https:\/\/www.maconnerie-et-compagnie.com\/\",\"logo\":{\"@type\":\"ImageObject\",\"inLanguage\":\"en-GB\",\"@id\":\"https:\/\/www.maconnerie-et-compagnie.com\/#\/schema\/logo\/image\/\",\"url\":\"https:\/\/www.maconnerie-et-compagnie.com\/wp-content\/uploads\/2025\/01\/cropped-Logo.png\",\"contentUrl\":\"https:\/\/www.maconnerie-et-compagnie.com\/wp-content\/uploads\/2025\/01\/cropped-Logo.png\",\"width\":512,\"height\":512,\"caption\":\"Ma\u00e7onnerie & Compagnie\"},\"image\":{\"@id\":\"https:\/\/www.maconnerie-et-compagnie.com\/#\/schema\/logo\/image\/\"},\"sameAs\":[\"https:\/\/www.facebook.com\/p\/Maonnerie-et-compagnie-100057422509060\/\"]}]}<\/script>\n<!-- \/ Yoast SEO plugin. -->","yoast_head_json":{"title":"Restauration - Ma\u00e7onnerie &amp; Compagnie","robots":{"index":"index","follow":"follow","max-snippet":"max-snippet:-1","max-image-preview":"max-image-preview:large","max-video-preview":"max-video-preview:-1"},"canonical":"https:\/\/www.maconnerie-et-compagnie.com\/en\/restauration\/","og_locale":"en_GB","og_type":"article","og_title":"Restauration - Ma\u00e7onnerie &amp; Compagnie","og_description":"Nous mettons \u00e0 votre disposition nos comp\u00e9tences et notre savoir-faire en mati\u00e8re de restauration du patrimoine et de l\u2019habitat ancien. Nous vous proposons, entre autre, les prestations suivantes Mais \u00e9galement le dallage en pierre ainsi que Le ravalement de pierre de taille.","og_url":"https:\/\/www.maconnerie-et-compagnie.com\/en\/restauration\/","og_site_name":"Ma\u00e7onnerie &amp; Compagnie","article_publisher":"https:\/\/www.facebook.com\/p\/Maonnerie-et-compagnie-100057422509060\/","article_modified_time":"2019-06-26T07:54:59+00:00","og_image":[{"url":"http:\/\/www.maconnerie-et-compagnie.com\/wp-content\/uploads\/2019\/06\/IMG_7937-1024x683.jpg","type":"","width":"","height":""}],"twitter_card":"summary_large_image","schema":{"@context":"https:\/\/schema.org","@graph":[{"@type":"WebPage","@id":"https:\/\/www.maconnerie-et-compagnie.com\/restauration\/","url":"https:\/\/www.maconnerie-et-compagnie.com\/restauration\/","name":"Restauration - Ma\u00e7onnerie &amp; Compagnie","isPartOf":{"@id":"https:\/\/www.maconnerie-et-compagnie.com\/#website"},"primaryImageOfPage":{"@id":"https:\/\/www.maconnerie-et-compagnie.com\/restauration\/#primaryimage"},"image":{"@id":"https:\/\/www.maconnerie-et-compagnie.com\/restauration\/#primaryimage"},"thumbnailUrl":"http:\/\/www.maconnerie-et-compagnie.com\/wp-content\/uploads\/2019\/06\/IMG_7937-1024x683.jpg","datePublished":"2019-06-25T19:34:16+00:00","dateModified":"2019-06-26T07:54:59+00:00","breadcrumb":{"@id":"https:\/\/www.maconnerie-et-compagnie.com\/restauration\/#breadcrumb"},"inLanguage":"en-GB","potentialAction":[{"@type":"ReadAction","target":["https:\/\/www.maconnerie-et-compagnie.com\/restauration\/"]}]},{"@type":"ImageObject","inLanguage":"en-GB","@id":"https:\/\/www.maconnerie-et-compagnie.com\/restauration\/#primaryimage","url":"http:\/\/www.maconnerie-et-compagnie.com\/wp-content\/uploads\/2019\/06\/IMG_7937-1024x683.jpg","contentUrl":"http:\/\/www.maconnerie-et-compagnie.com\/wp-content\/uploads\/2019\/06\/IMG_7937-1024x683.jpg"},{"@type":"BreadcrumbList","@id":"https:\/\/www.maconnerie-et-compagnie.com\/restauration\/#breadcrumb","itemListElement":[{"@type":"ListItem","position":1,"name":"Accueil","item":"https:\/\/www.maconnerie-et-compagnie.com\/"},{"@type":"ListItem","position":2,"name":"Restauration"}]},{"@type":"WebSite","@id":"https:\/\/www.maconnerie-et-compagnie.com\/#website","url":"https:\/\/www.maconnerie-et-compagnie.com\/","name":"Ma\u00e7onnerie & Compagnie","description":"Dans le respect de la nature.","publisher":{"@id":"https:\/\/www.maconnerie-et-compagnie.com\/#organization"},"potentialAction":[{"@type":"SearchAction","target":{"@type":"EntryPoint","urlTemplate":"https:\/\/www.maconnerie-et-compagnie.com\/?s={search_term_string}"},"query-input":{"@type":"PropertyValueSpecification","valueRequired":true,"valueName":"search_term_string"}}],"inLanguage":"en-GB"},{"@type":"Organization","@id":"https:\/\/www.maconnerie-et-compagnie.com\/#organization","name":"Ma\u00e7onnerie & Compagnie","url":"https:\/\/www.maconnerie-et-compagnie.com\/","logo":{"@type":"ImageObject","inLanguage":"en-GB","@id":"https:\/\/www.maconnerie-et-compagnie.com\/#\/schema\/logo\/image\/","url":"https:\/\/www.maconnerie-et-compagnie.com\/wp-content\/uploads\/2025\/01\/cropped-Logo.png","contentUrl":"https:\/\/www.maconnerie-et-compagnie.com\/wp-content\/uploads\/2025\/01\/cropped-Logo.png","width":512,"height":512,"caption":"Ma\u00e7onnerie & Compagnie"},"image":{"@id":"https:\/\/www.maconnerie-et-compagnie.com\/#\/schema\/logo\/image\/"},"sameAs":["https:\/\/www.facebook.com\/p\/Maonnerie-et-compagnie-100057422509060\/"]}]}},"jetpack_sharing_enabled":true,"_links":{"self":[{"href":"https:\/\/www.maconnerie-et-compagnie.com\/en\/wp-json\/wp\/v2\/pages\/11","targetHints":{"allow":["GET"]}}],"collection":[{"href":"https:\/\/www.maconnerie-et-compagnie.com\/en\/wp-json\/wp\/v2\/pages"}],"about":[{"href":"https:\/\/www.maconnerie-et-compagnie.com\/en\/wp-json\/wp\/v2\/types\/page"}],"author":[{"embeddable":true,"href":"https:\/\/www.maconnerie-et-compagnie.com\/en\/wp-json\/wp\/v2\/users\/1"}],"replies":[{"embeddable":true,"href":"https:\/\/www.maconnerie-et-compagnie.com\/en\/wp-json\/wp\/v2\/comments?post=11"}],"version-history":[{"count":6,"href":"https:\/\/www.maconnerie-et-compagnie.com\/en\/wp-json\/wp\/v2\/pages\/11\/revisions"}],"predecessor-version":[{"id":140,"href":"https:\/\/www.maconnerie-et-compagnie.com\/en\/wp-json\/wp\/v2\/pages\/11\/revisions\/140"}],"wp:attachment":[{"href":"https:\/\/www.maconnerie-et-compagnie.com\/en\/wp-json\/wp\/v2\/media?parent=11"}],"curies":[{"name":"wp","href":"https:\/\/api.w.org\/{rel}","templated":true}]}}