{"id":126,"date":"2019-06-25T23:37:09","date_gmt":"2019-06-25T21:37:09","guid":{"rendered":"http:\/\/www.maconnerie-et-compagnie.com\/?page_id=126"},"modified":"2019-07-01T10:07:27","modified_gmt":"2019-07-01T08:07:27","slug":"amenagement-interieure-argentonnay-79","status":"publish","type":"page","link":"https:\/\/www.maconnerie-et-compagnie.com\/en\/amenagement-interieure-argentonnay-79\/","title":{"rendered":"AM\u00c9NAGEMENT INT\u00c9RIEURE &#8211; ARGENTONNAY 79"},"content":{"rendered":"<div class=\"wp-block-image\"><figure class=\"alignleft\"><img fetchpriority=\"high\" decoding=\"async\" width=\"1024\" height=\"768\" src=\"http:\/\/www.maconnerie-et-compagnie.com\/wp-content\/uploads\/2019\/07\/DSCF2783-1024x768.jpg\" alt=\"\" class=\"wp-image-143\" srcset=\"https:\/\/www.maconnerie-et-compagnie.com\/wp-content\/uploads\/2019\/07\/DSCF2783-1024x768.jpg 1024w, https:\/\/www.maconnerie-et-compagnie.com\/wp-content\/uploads\/2019\/07\/DSCF2783-300x225.jpg 300w, https:\/\/www.maconnerie-et-compagnie.com\/wp-content\/uploads\/2019\/07\/DSCF2783-768x576.jpg 768w, https:\/\/www.maconnerie-et-compagnie.com\/wp-content\/uploads\/2019\/07\/DSCF2783-1200x900.jpg 1200w\" sizes=\"(max-width: 1024px) 100vw, 1024px\" \/><\/figure><\/div>\n\n\n\n<p><\/p>\n\n\n\n<figure class=\"wp-block-image\"><img decoding=\"async\" width=\"1024\" height=\"768\" src=\"http:\/\/www.maconnerie-et-compagnie.com\/wp-content\/uploads\/2019\/07\/DSCF2784-1024x768.jpg\" alt=\"\" class=\"wp-image-144\" srcset=\"https:\/\/www.maconnerie-et-compagnie.com\/wp-content\/uploads\/2019\/07\/DSCF2784-1024x768.jpg 1024w, https:\/\/www.maconnerie-et-compagnie.com\/wp-content\/uploads\/2019\/07\/DSCF2784-300x225.jpg 300w, https:\/\/www.maconnerie-et-compagnie.com\/wp-content\/uploads\/2019\/07\/DSCF2784-768x576.jpg 768w, https:\/\/www.maconnerie-et-compagnie.com\/wp-content\/uploads\/2019\/07\/DSCF2784-1200x900.jpg 1200w\" sizes=\"(max-width: 1024px) 100vw, 1024px\" \/><\/figure>\n\n\n\n<figure class=\"wp-block-image\"><img decoding=\"async\" width=\"1024\" height=\"768\" src=\"http:\/\/www.maconnerie-et-compagnie.com\/wp-content\/uploads\/2019\/07\/DSCF2788-1024x768.jpg\" alt=\"\" class=\"wp-image-145\" srcset=\"https:\/\/www.maconnerie-et-compagnie.com\/wp-content\/uploads\/2019\/07\/DSCF2788-1024x768.jpg 1024w, https:\/\/www.maconnerie-et-compagnie.com\/wp-content\/uploads\/2019\/07\/DSCF2788-300x225.jpg 300w, https:\/\/www.maconnerie-et-compagnie.com\/wp-content\/uploads\/2019\/07\/DSCF2788-768x576.jpg 768w, https:\/\/www.maconnerie-et-compagnie.com\/wp-content\/uploads\/2019\/07\/DSCF2788-1200x900.jpg 1200w\" sizes=\"(max-width: 1024px) 100vw, 1024px\" \/><\/figure>","protected":false},"excerpt":{"rendered":"","protected":false},"author":1,"featured_media":0,"parent":0,"menu_order":0,"comment_status":"closed","ping_status":"closed","template":"","meta":{"footnotes":""},"class_list":["post-126","page","type-page","status-publish","hentry","entry"],"yoast_head":"<!-- This site is optimized with the Yoast SEO plugin v24.5 - https:\/\/yoast.com\/wordpress\/plugins\/seo\/ -->\n<title>AM\u00c9NAGEMENT INT\u00c9RIEURE - ARGENTONNAY 79 - Ma\u00e7onnerie &amp; Compagnie<\/title>\n<meta name=\"robots\" content=\"index, follow, max-snippet:-1, max-image-preview:large, max-video-preview:-1\" \/>\n<link rel=\"canonical\" href=\"https:\/\/www.maconnerie-et-compagnie.com\/en\/amenagement-interieure-argentonnay-79\/\" \/>\n<meta property=\"og:locale\" content=\"en_GB\" \/>\n<meta property=\"og:type\" content=\"article\" \/>\n<meta property=\"og:title\" content=\"AM\u00c9NAGEMENT INT\u00c9RIEURE - ARGENTONNAY 79 - Ma\u00e7onnerie &amp; Compagnie\" \/>\n<meta property=\"og:url\" content=\"https:\/\/www.maconnerie-et-compagnie.com\/en\/amenagement-interieure-argentonnay-79\/\" \/>\n<meta property=\"og:site_name\" content=\"Ma\u00e7onnerie &amp; Compagnie\" \/>\n<meta property=\"article:publisher\" content=\"https:\/\/www.facebook.com\/p\/Maonnerie-et-compagnie-100057422509060\/\" \/>\n<meta property=\"article:modified_time\" content=\"2019-07-01T08:07:27+00:00\" \/>\n<meta property=\"og:image\" content=\"http:\/\/www.maconnerie-et-compagnie.com\/wp-content\/uploads\/2019\/07\/DSCF2783-1024x768.jpg\" \/>\n<meta name=\"twitter:card\" content=\"summary_large_image\" \/>\n<script type=\"application\/ld+json\" class=\"yoast-schema-graph\">{\"@context\":\"https:\/\/schema.org\",\"@graph\":[{\"@type\":\"WebPage\",\"@id\":\"https:\/\/www.maconnerie-et-compagnie.com\/amenagement-interieure-argentonnay-79\/\",\"url\":\"https:\/\/www.maconnerie-et-compagnie.com\/amenagement-interieure-argentonnay-79\/\",\"name\":\"AM\u00c9NAGEMENT INT\u00c9RIEURE - ARGENTONNAY 79 - Ma\u00e7onnerie &amp; Compagnie\",\"isPartOf\":{\"@id\":\"https:\/\/www.maconnerie-et-compagnie.com\/#website\"},\"primaryImageOfPage\":{\"@id\":\"https:\/\/www.maconnerie-et-compagnie.com\/amenagement-interieure-argentonnay-79\/#primaryimage\"},\"image\":{\"@id\":\"https:\/\/www.maconnerie-et-compagnie.com\/amenagement-interieure-argentonnay-79\/#primaryimage\"},\"thumbnailUrl\":\"http:\/\/www.maconnerie-et-compagnie.com\/wp-content\/uploads\/2019\/07\/DSCF2783-1024x768.jpg\",\"datePublished\":\"2019-06-25T21:37:09+00:00\",\"dateModified\":\"2019-07-01T08:07:27+00:00\",\"breadcrumb\":{\"@id\":\"https:\/\/www.maconnerie-et-compagnie.com\/amenagement-interieure-argentonnay-79\/#breadcrumb\"},\"inLanguage\":\"en-GB\",\"potentialAction\":[{\"@type\":\"ReadAction\",\"target\":[\"https:\/\/www.maconnerie-et-compagnie.com\/amenagement-interieure-argentonnay-79\/\"]}]},{\"@type\":\"ImageObject\",\"inLanguage\":\"en-GB\",\"@id\":\"https:\/\/www.maconnerie-et-compagnie.com\/amenagement-interieure-argentonnay-79\/#primaryimage\",\"url\":\"http:\/\/www.maconnerie-et-compagnie.com\/wp-content\/uploads\/2019\/07\/DSCF2783-1024x768.jpg\",\"contentUrl\":\"http:\/\/www.maconnerie-et-compagnie.com\/wp-content\/uploads\/2019\/07\/DSCF2783-1024x768.jpg\"},{\"@type\":\"BreadcrumbList\",\"@id\":\"https:\/\/www.maconnerie-et-compagnie.com\/amenagement-interieure-argentonnay-79\/#breadcrumb\",\"itemListElement\":[{\"@type\":\"ListItem\",\"position\":1,\"name\":\"Accueil\",\"item\":\"https:\/\/www.maconnerie-et-compagnie.com\/\"},{\"@type\":\"ListItem\",\"position\":2,\"name\":\"AM\u00c9NAGEMENT INT\u00c9RIEURE &#8211; ARGENTONNAY 79\"}]},{\"@type\":\"WebSite\",\"@id\":\"https:\/\/www.maconnerie-et-compagnie.com\/#website\",\"url\":\"https:\/\/www.maconnerie-et-compagnie.com\/\",\"name\":\"Ma\u00e7onnerie & Compagnie\",\"description\":\"Dans le respect de la nature.\",\"publisher\":{\"@id\":\"https:\/\/www.maconnerie-et-compagnie.com\/#organization\"},\"potentialAction\":[{\"@type\":\"SearchAction\",\"target\":{\"@type\":\"EntryPoint\",\"urlTemplate\":\"https:\/\/www.maconnerie-et-compagnie.com\/?s={search_term_string}\"},\"query-input\":{\"@type\":\"PropertyValueSpecification\",\"valueRequired\":true,\"valueName\":\"search_term_string\"}}],\"inLanguage\":\"en-GB\"},{\"@type\":\"Organization\",\"@id\":\"https:\/\/www.maconnerie-et-compagnie.com\/#organization\",\"name\":\"Ma\u00e7onnerie & Compagnie\",\"url\":\"https:\/\/www.maconnerie-et-compagnie.com\/\",\"logo\":{\"@type\":\"ImageObject\",\"inLanguage\":\"en-GB\",\"@id\":\"https:\/\/www.maconnerie-et-compagnie.com\/#\/schema\/logo\/image\/\",\"url\":\"https:\/\/www.maconnerie-et-compagnie.com\/wp-content\/uploads\/2025\/01\/cropped-Logo.png\",\"contentUrl\":\"https:\/\/www.maconnerie-et-compagnie.com\/wp-content\/uploads\/2025\/01\/cropped-Logo.png\",\"width\":512,\"height\":512,\"caption\":\"Ma\u00e7onnerie & Compagnie\"},\"image\":{\"@id\":\"https:\/\/www.maconnerie-et-compagnie.com\/#\/schema\/logo\/image\/\"},\"sameAs\":[\"https:\/\/www.facebook.com\/p\/Maonnerie-et-compagnie-100057422509060\/\"]}]}<\/script>\n<!-- \/ Yoast SEO plugin. -->","yoast_head_json":{"title":"AM\u00c9NAGEMENT INT\u00c9RIEURE - ARGENTONNAY 79 - Ma\u00e7onnerie &amp; Compagnie","robots":{"index":"index","follow":"follow","max-snippet":"max-snippet:-1","max-image-preview":"max-image-preview:large","max-video-preview":"max-video-preview:-1"},"canonical":"https:\/\/www.maconnerie-et-compagnie.com\/en\/amenagement-interieure-argentonnay-79\/","og_locale":"en_GB","og_type":"article","og_title":"AM\u00c9NAGEMENT INT\u00c9RIEURE - ARGENTONNAY 79 - Ma\u00e7onnerie &amp; Compagnie","og_url":"https:\/\/www.maconnerie-et-compagnie.com\/en\/amenagement-interieure-argentonnay-79\/","og_site_name":"Ma\u00e7onnerie &amp; Compagnie","article_publisher":"https:\/\/www.facebook.com\/p\/Maonnerie-et-compagnie-100057422509060\/","article_modified_time":"2019-07-01T08:07:27+00:00","og_image":[{"url":"http:\/\/www.maconnerie-et-compagnie.com\/wp-content\/uploads\/2019\/07\/DSCF2783-1024x768.jpg","type":"","width":"","height":""}],"twitter_card":"summary_large_image","schema":{"@context":"https:\/\/schema.org","@graph":[{"@type":"WebPage","@id":"https:\/\/www.maconnerie-et-compagnie.com\/amenagement-interieure-argentonnay-79\/","url":"https:\/\/www.maconnerie-et-compagnie.com\/amenagement-interieure-argentonnay-79\/","name":"AM\u00c9NAGEMENT INT\u00c9RIEURE - ARGENTONNAY 79 - Ma\u00e7onnerie &amp; Compagnie","isPartOf":{"@id":"https:\/\/www.maconnerie-et-compagnie.com\/#website"},"primaryImageOfPage":{"@id":"https:\/\/www.maconnerie-et-compagnie.com\/amenagement-interieure-argentonnay-79\/#primaryimage"},"image":{"@id":"https:\/\/www.maconnerie-et-compagnie.com\/amenagement-interieure-argentonnay-79\/#primaryimage"},"thumbnailUrl":"http:\/\/www.maconnerie-et-compagnie.com\/wp-content\/uploads\/2019\/07\/DSCF2783-1024x768.jpg","datePublished":"2019-06-25T21:37:09+00:00","dateModified":"2019-07-01T08:07:27+00:00","breadcrumb":{"@id":"https:\/\/www.maconnerie-et-compagnie.com\/amenagement-interieure-argentonnay-79\/#breadcrumb"},"inLanguage":"en-GB","potentialAction":[{"@type":"ReadAction","target":["https:\/\/www.maconnerie-et-compagnie.com\/amenagement-interieure-argentonnay-79\/"]}]},{"@type":"ImageObject","inLanguage":"en-GB","@id":"https:\/\/www.maconnerie-et-compagnie.com\/amenagement-interieure-argentonnay-79\/#primaryimage","url":"http:\/\/www.maconnerie-et-compagnie.com\/wp-content\/uploads\/2019\/07\/DSCF2783-1024x768.jpg","contentUrl":"http:\/\/www.maconnerie-et-compagnie.com\/wp-content\/uploads\/2019\/07\/DSCF2783-1024x768.jpg"},{"@type":"BreadcrumbList","@id":"https:\/\/www.maconnerie-et-compagnie.com\/amenagement-interieure-argentonnay-79\/#breadcrumb","itemListElement":[{"@type":"ListItem","position":1,"name":"Accueil","item":"https:\/\/www.maconnerie-et-compagnie.com\/"},{"@type":"ListItem","position":2,"name":"AM\u00c9NAGEMENT INT\u00c9RIEURE &#8211; ARGENTONNAY 79"}]},{"@type":"WebSite","@id":"https:\/\/www.maconnerie-et-compagnie.com\/#website","url":"https:\/\/www.maconnerie-et-compagnie.com\/","name":"Ma\u00e7onnerie & Compagnie","description":"Dans le respect de la nature.","publisher":{"@id":"https:\/\/www.maconnerie-et-compagnie.com\/#organization"},"potentialAction":[{"@type":"SearchAction","target":{"@type":"EntryPoint","urlTemplate":"https:\/\/www.maconnerie-et-compagnie.com\/?s={search_term_string}"},"query-input":{"@type":"PropertyValueSpecification","valueRequired":true,"valueName":"search_term_string"}}],"inLanguage":"en-GB"},{"@type":"Organization","@id":"https:\/\/www.maconnerie-et-compagnie.com\/#organization","name":"Ma\u00e7onnerie & Compagnie","url":"https:\/\/www.maconnerie-et-compagnie.com\/","logo":{"@type":"ImageObject","inLanguage":"en-GB","@id":"https:\/\/www.maconnerie-et-compagnie.com\/#\/schema\/logo\/image\/","url":"https:\/\/www.maconnerie-et-compagnie.com\/wp-content\/uploads\/2025\/01\/cropped-Logo.png","contentUrl":"https:\/\/www.maconnerie-et-compagnie.com\/wp-content\/uploads\/2025\/01\/cropped-Logo.png","width":512,"height":512,"caption":"Ma\u00e7onnerie & Compagnie"},"image":{"@id":"https:\/\/www.maconnerie-et-compagnie.com\/#\/schema\/logo\/image\/"},"sameAs":["https:\/\/www.facebook.com\/p\/Maonnerie-et-compagnie-100057422509060\/"]}]}},"jetpack_sharing_enabled":true,"_links":{"self":[{"href":"https:\/\/www.maconnerie-et-compagnie.com\/en\/wp-json\/wp\/v2\/pages\/126","targetHints":{"allow":["GET"]}}],"collection":[{"href":"https:\/\/www.maconnerie-et-compagnie.com\/en\/wp-json\/wp\/v2\/pages"}],"about":[{"href":"https:\/\/www.maconnerie-et-compagnie.com\/en\/wp-json\/wp\/v2\/types\/page"}],"author":[{"embeddable":true,"href":"https:\/\/www.maconnerie-et-compagnie.com\/en\/wp-json\/wp\/v2\/users\/1"}],"replies":[{"embeddable":true,"href":"https:\/\/www.maconnerie-et-compagnie.com\/en\/wp-json\/wp\/v2\/comments?post=126"}],"version-history":[{"count":2,"href":"https:\/\/www.maconnerie-et-compagnie.com\/en\/wp-json\/wp\/v2\/pages\/126\/revisions"}],"predecessor-version":[{"id":146,"href":"https:\/\/www.maconnerie-et-compagnie.com\/en\/wp-json\/wp\/v2\/pages\/126\/revisions\/146"}],"wp:attachment":[{"href":"https:\/\/www.maconnerie-et-compagnie.com\/en\/wp-json\/wp\/v2\/media?parent=126"}],"curies":[{"name":"wp","href":"https:\/\/api.w.org\/{rel}","templated":true}]}}