{"id":13,"date":"2019-06-25T21:34:41","date_gmt":"2019-06-25T19:34:41","guid":{"rendered":"http:\/\/www.maconnerie-et-compagnie.com\/?page_id=13"},"modified":"2019-06-25T22:49:48","modified_gmt":"2019-06-25T20:49:48","slug":"transmission-de-savoir-faire","status":"publish","type":"page","link":"https:\/\/www.maconnerie-et-compagnie.com\/en\/transmission-de-savoir-faire\/","title":{"rendered":"Transmission of know-how"},"content":{"rendered":"<p><em>You want to do your own job but need support to start on a good basis?<\/em><\/p>\n\n\n\n<p> Masonry and Company intervenes one day, or more if necessary, to show you the technique and work with you.  <\/p>\n\n\n\n<p> This support to self-builders is proposed for the following works: <\/p>\n\n\n\n<div class=\"wp-block-media-text alignwide\" style=\"grid-template-columns:68% auto\"><figure class=\"wp-block-media-text__media\"><img fetchpriority=\"high\" decoding=\"async\" width=\"400\" height=\"300\" src=\"http:\/\/www.maconnerie-et-compagnie.com\/wp-content\/uploads\/2019\/06\/p1090655-9bc4f.jpg\" alt=\"\" class=\"wp-image-68\" srcset=\"https:\/\/www.maconnerie-et-compagnie.com\/wp-content\/uploads\/2019\/06\/p1090655-9bc4f.jpg 400w, https:\/\/www.maconnerie-et-compagnie.com\/wp-content\/uploads\/2019\/06\/p1090655-9bc4f-300x225.jpg 300w\" sizes=\"(max-width: 400px) 100vw, 400px\" \/><\/figure><div class=\"wp-block-media-text__content\">\n<ul class=\"wp-block-list\"><li>Stone masonry<\/li><li>Lime plaster<\/li><li>Clay plaster<\/li><li>Lime-hemp plaster<\/li><\/ul>\n<\/div><\/div>","protected":false},"excerpt":{"rendered":"<p>Vous souhaitez r\u00e9aliser vous-m\u00eame votre chantier mais n\u00e9cessitez un accompagnement pour d\u00e9marrer sur de bonnes bases ? Ma\u00e7onnerie et Compagnie intervient une journ\u00e9e, ou plus si besoin, pour vous montrer la technique et travailler avec vous. Cet accompagnement aux auto-constructeurs est propos\u00e9 pour les travaux suivants\u00a0 : Ma\u00e7onnerie de pierre Enduit \u00e0 la chaux Enduit [&hellip;]<\/p>","protected":false},"author":1,"featured_media":0,"parent":0,"menu_order":0,"comment_status":"closed","ping_status":"closed","template":"","meta":{"footnotes":""},"class_list":["post-13","page","type-page","status-publish","hentry","entry"],"yoast_head":"<!-- This site is optimized with the Yoast SEO plugin v24.5 - https:\/\/yoast.com\/wordpress\/plugins\/seo\/ -->\n<title>Transmission de savoir faire - Ma\u00e7onnerie &amp; Compagnie<\/title>\n<meta name=\"robots\" content=\"index, follow, max-snippet:-1, max-image-preview:large, max-video-preview:-1\" \/>\n<link rel=\"canonical\" href=\"https:\/\/www.maconnerie-et-compagnie.com\/en\/transmission-de-savoir-faire\/\" \/>\n<meta property=\"og:locale\" content=\"en_GB\" \/>\n<meta property=\"og:type\" content=\"article\" \/>\n<meta property=\"og:title\" content=\"Transmission de savoir faire - Ma\u00e7onnerie &amp; Compagnie\" \/>\n<meta property=\"og:description\" content=\"Vous souhaitez r\u00e9aliser vous-m\u00eame votre chantier mais n\u00e9cessitez un accompagnement pour d\u00e9marrer sur de bonnes bases ? Ma\u00e7onnerie et Compagnie intervient une journ\u00e9e, ou plus si besoin, pour vous montrer la technique et travailler avec vous. Cet accompagnement aux auto-constructeurs est propos\u00e9 pour les travaux suivants\u00a0 : Ma\u00e7onnerie de pierre Enduit \u00e0 la chaux Enduit [&hellip;]\" \/>\n<meta property=\"og:url\" content=\"https:\/\/www.maconnerie-et-compagnie.com\/en\/transmission-de-savoir-faire\/\" \/>\n<meta property=\"og:site_name\" content=\"Ma\u00e7onnerie &amp; Compagnie\" \/>\n<meta property=\"article:publisher\" content=\"https:\/\/www.facebook.com\/p\/Maonnerie-et-compagnie-100057422509060\/\" \/>\n<meta property=\"article:modified_time\" content=\"2019-06-25T20:49:48+00:00\" \/>\n<meta property=\"og:image\" content=\"http:\/\/www.maconnerie-et-compagnie.com\/wp-content\/uploads\/2019\/06\/p1090655-9bc4f.jpg\" \/>\n<meta name=\"twitter:card\" content=\"summary_large_image\" \/>\n<script type=\"application\/ld+json\" class=\"yoast-schema-graph\">{\"@context\":\"https:\/\/schema.org\",\"@graph\":[{\"@type\":\"WebPage\",\"@id\":\"https:\/\/www.maconnerie-et-compagnie.com\/transmission-de-savoir-faire\/\",\"url\":\"https:\/\/www.maconnerie-et-compagnie.com\/transmission-de-savoir-faire\/\",\"name\":\"Transmission de savoir faire - Ma\u00e7onnerie &amp; Compagnie\",\"isPartOf\":{\"@id\":\"https:\/\/www.maconnerie-et-compagnie.com\/#website\"},\"primaryImageOfPage\":{\"@id\":\"https:\/\/www.maconnerie-et-compagnie.com\/transmission-de-savoir-faire\/#primaryimage\"},\"image\":{\"@id\":\"https:\/\/www.maconnerie-et-compagnie.com\/transmission-de-savoir-faire\/#primaryimage\"},\"thumbnailUrl\":\"http:\/\/www.maconnerie-et-compagnie.com\/wp-content\/uploads\/2019\/06\/p1090655-9bc4f.jpg\",\"datePublished\":\"2019-06-25T19:34:41+00:00\",\"dateModified\":\"2019-06-25T20:49:48+00:00\",\"breadcrumb\":{\"@id\":\"https:\/\/www.maconnerie-et-compagnie.com\/transmission-de-savoir-faire\/#breadcrumb\"},\"inLanguage\":\"en-GB\",\"potentialAction\":[{\"@type\":\"ReadAction\",\"target\":[\"https:\/\/www.maconnerie-et-compagnie.com\/transmission-de-savoir-faire\/\"]}]},{\"@type\":\"ImageObject\",\"inLanguage\":\"en-GB\",\"@id\":\"https:\/\/www.maconnerie-et-compagnie.com\/transmission-de-savoir-faire\/#primaryimage\",\"url\":\"http:\/\/www.maconnerie-et-compagnie.com\/wp-content\/uploads\/2019\/06\/p1090655-9bc4f.jpg\",\"contentUrl\":\"http:\/\/www.maconnerie-et-compagnie.com\/wp-content\/uploads\/2019\/06\/p1090655-9bc4f.jpg\"},{\"@type\":\"BreadcrumbList\",\"@id\":\"https:\/\/www.maconnerie-et-compagnie.com\/transmission-de-savoir-faire\/#breadcrumb\",\"itemListElement\":[{\"@type\":\"ListItem\",\"position\":1,\"name\":\"Accueil\",\"item\":\"https:\/\/www.maconnerie-et-compagnie.com\/\"},{\"@type\":\"ListItem\",\"position\":2,\"name\":\"Transmission de savoir faire\"}]},{\"@type\":\"WebSite\",\"@id\":\"https:\/\/www.maconnerie-et-compagnie.com\/#website\",\"url\":\"https:\/\/www.maconnerie-et-compagnie.com\/\",\"name\":\"Ma\u00e7onnerie & Compagnie\",\"description\":\"Dans le respect de la nature.\",\"publisher\":{\"@id\":\"https:\/\/www.maconnerie-et-compagnie.com\/#organization\"},\"potentialAction\":[{\"@type\":\"SearchAction\",\"target\":{\"@type\":\"EntryPoint\",\"urlTemplate\":\"https:\/\/www.maconnerie-et-compagnie.com\/?s={search_term_string}\"},\"query-input\":{\"@type\":\"PropertyValueSpecification\",\"valueRequired\":true,\"valueName\":\"search_term_string\"}}],\"inLanguage\":\"en-GB\"},{\"@type\":\"Organization\",\"@id\":\"https:\/\/www.maconnerie-et-compagnie.com\/#organization\",\"name\":\"Ma\u00e7onnerie & Compagnie\",\"url\":\"https:\/\/www.maconnerie-et-compagnie.com\/\",\"logo\":{\"@type\":\"ImageObject\",\"inLanguage\":\"en-GB\",\"@id\":\"https:\/\/www.maconnerie-et-compagnie.com\/#\/schema\/logo\/image\/\",\"url\":\"https:\/\/www.maconnerie-et-compagnie.com\/wp-content\/uploads\/2025\/01\/cropped-Logo.png\",\"contentUrl\":\"https:\/\/www.maconnerie-et-compagnie.com\/wp-content\/uploads\/2025\/01\/cropped-Logo.png\",\"width\":512,\"height\":512,\"caption\":\"Ma\u00e7onnerie & Compagnie\"},\"image\":{\"@id\":\"https:\/\/www.maconnerie-et-compagnie.com\/#\/schema\/logo\/image\/\"},\"sameAs\":[\"https:\/\/www.facebook.com\/p\/Maonnerie-et-compagnie-100057422509060\/\"]}]}<\/script>\n<!-- \/ Yoast SEO plugin. -->","yoast_head_json":{"title":"Transmission de savoir faire - Ma\u00e7onnerie &amp; Compagnie","robots":{"index":"index","follow":"follow","max-snippet":"max-snippet:-1","max-image-preview":"max-image-preview:large","max-video-preview":"max-video-preview:-1"},"canonical":"https:\/\/www.maconnerie-et-compagnie.com\/en\/transmission-de-savoir-faire\/","og_locale":"en_GB","og_type":"article","og_title":"Transmission de savoir faire - Ma\u00e7onnerie &amp; Compagnie","og_description":"Vous souhaitez r\u00e9aliser vous-m\u00eame votre chantier mais n\u00e9cessitez un accompagnement pour d\u00e9marrer sur de bonnes bases ? Ma\u00e7onnerie et Compagnie intervient une journ\u00e9e, ou plus si besoin, pour vous montrer la technique et travailler avec vous. Cet accompagnement aux auto-constructeurs est propos\u00e9 pour les travaux suivants\u00a0 : Ma\u00e7onnerie de pierre Enduit \u00e0 la chaux Enduit [&hellip;]","og_url":"https:\/\/www.maconnerie-et-compagnie.com\/en\/transmission-de-savoir-faire\/","og_site_name":"Ma\u00e7onnerie &amp; Compagnie","article_publisher":"https:\/\/www.facebook.com\/p\/Maonnerie-et-compagnie-100057422509060\/","article_modified_time":"2019-06-25T20:49:48+00:00","og_image":[{"url":"http:\/\/www.maconnerie-et-compagnie.com\/wp-content\/uploads\/2019\/06\/p1090655-9bc4f.jpg","type":"","width":"","height":""}],"twitter_card":"summary_large_image","schema":{"@context":"https:\/\/schema.org","@graph":[{"@type":"WebPage","@id":"https:\/\/www.maconnerie-et-compagnie.com\/transmission-de-savoir-faire\/","url":"https:\/\/www.maconnerie-et-compagnie.com\/transmission-de-savoir-faire\/","name":"Transmission de savoir faire - Ma\u00e7onnerie &amp; Compagnie","isPartOf":{"@id":"https:\/\/www.maconnerie-et-compagnie.com\/#website"},"primaryImageOfPage":{"@id":"https:\/\/www.maconnerie-et-compagnie.com\/transmission-de-savoir-faire\/#primaryimage"},"image":{"@id":"https:\/\/www.maconnerie-et-compagnie.com\/transmission-de-savoir-faire\/#primaryimage"},"thumbnailUrl":"http:\/\/www.maconnerie-et-compagnie.com\/wp-content\/uploads\/2019\/06\/p1090655-9bc4f.jpg","datePublished":"2019-06-25T19:34:41+00:00","dateModified":"2019-06-25T20:49:48+00:00","breadcrumb":{"@id":"https:\/\/www.maconnerie-et-compagnie.com\/transmission-de-savoir-faire\/#breadcrumb"},"inLanguage":"en-GB","potentialAction":[{"@type":"ReadAction","target":["https:\/\/www.maconnerie-et-compagnie.com\/transmission-de-savoir-faire\/"]}]},{"@type":"ImageObject","inLanguage":"en-GB","@id":"https:\/\/www.maconnerie-et-compagnie.com\/transmission-de-savoir-faire\/#primaryimage","url":"http:\/\/www.maconnerie-et-compagnie.com\/wp-content\/uploads\/2019\/06\/p1090655-9bc4f.jpg","contentUrl":"http:\/\/www.maconnerie-et-compagnie.com\/wp-content\/uploads\/2019\/06\/p1090655-9bc4f.jpg"},{"@type":"BreadcrumbList","@id":"https:\/\/www.maconnerie-et-compagnie.com\/transmission-de-savoir-faire\/#breadcrumb","itemListElement":[{"@type":"ListItem","position":1,"name":"Accueil","item":"https:\/\/www.maconnerie-et-compagnie.com\/"},{"@type":"ListItem","position":2,"name":"Transmission de savoir faire"}]},{"@type":"WebSite","@id":"https:\/\/www.maconnerie-et-compagnie.com\/#website","url":"https:\/\/www.maconnerie-et-compagnie.com\/","name":"Ma\u00e7onnerie & Compagnie","description":"Dans le respect de la nature.","publisher":{"@id":"https:\/\/www.maconnerie-et-compagnie.com\/#organization"},"potentialAction":[{"@type":"SearchAction","target":{"@type":"EntryPoint","urlTemplate":"https:\/\/www.maconnerie-et-compagnie.com\/?s={search_term_string}"},"query-input":{"@type":"PropertyValueSpecification","valueRequired":true,"valueName":"search_term_string"}}],"inLanguage":"en-GB"},{"@type":"Organization","@id":"https:\/\/www.maconnerie-et-compagnie.com\/#organization","name":"Ma\u00e7onnerie & Compagnie","url":"https:\/\/www.maconnerie-et-compagnie.com\/","logo":{"@type":"ImageObject","inLanguage":"en-GB","@id":"https:\/\/www.maconnerie-et-compagnie.com\/#\/schema\/logo\/image\/","url":"https:\/\/www.maconnerie-et-compagnie.com\/wp-content\/uploads\/2025\/01\/cropped-Logo.png","contentUrl":"https:\/\/www.maconnerie-et-compagnie.com\/wp-content\/uploads\/2025\/01\/cropped-Logo.png","width":512,"height":512,"caption":"Ma\u00e7onnerie & Compagnie"},"image":{"@id":"https:\/\/www.maconnerie-et-compagnie.com\/#\/schema\/logo\/image\/"},"sameAs":["https:\/\/www.facebook.com\/p\/Maonnerie-et-compagnie-100057422509060\/"]}]}},"jetpack_sharing_enabled":true,"_links":{"self":[{"href":"https:\/\/www.maconnerie-et-compagnie.com\/en\/wp-json\/wp\/v2\/pages\/13","targetHints":{"allow":["GET"]}}],"collection":[{"href":"https:\/\/www.maconnerie-et-compagnie.com\/en\/wp-json\/wp\/v2\/pages"}],"about":[{"href":"https:\/\/www.maconnerie-et-compagnie.com\/en\/wp-json\/wp\/v2\/types\/page"}],"author":[{"embeddable":true,"href":"https:\/\/www.maconnerie-et-compagnie.com\/en\/wp-json\/wp\/v2\/users\/1"}],"replies":[{"embeddable":true,"href":"https:\/\/www.maconnerie-et-compagnie.com\/en\/wp-json\/wp\/v2\/comments?post=13"}],"version-history":[{"count":2,"href":"https:\/\/www.maconnerie-et-compagnie.com\/en\/wp-json\/wp\/v2\/pages\/13\/revisions"}],"predecessor-version":[{"id":69,"href":"https:\/\/www.maconnerie-et-compagnie.com\/en\/wp-json\/wp\/v2\/pages\/13\/revisions\/69"}],"wp:attachment":[{"href":"https:\/\/www.maconnerie-et-compagnie.com\/en\/wp-json\/wp\/v2\/media?parent=13"}],"curies":[{"name":"wp","href":"https:\/\/api.w.org\/{rel}","templated":true}]}}