{"id":15,"date":"2019-06-25T21:34:52","date_gmt":"2019-06-25T19:34:52","guid":{"rendered":"http:\/\/www.maconnerie-et-compagnie.com\/?page_id=15"},"modified":"2019-07-01T11:43:39","modified_gmt":"2019-07-01T09:43:39","slug":"chantiers","status":"publish","type":"page","link":"https:\/\/www.maconnerie-et-compagnie.com\/en\/chantiers\/","title":{"rendered":"Building"},"content":{"rendered":"<h4 class=\"wp-block-heading\"><a href=\"http:\/\/www.maconnerie-et-compagnie.com\/en\/amenagement-interieure-argentonnay-79\/\"> Interior fittings - Argentonnay (79) <\/a><\/h4>\n\n\n\n<p> Creation of wood frame partition and planed poplar veneer cladding <\/p>\n\n\n\n<div class=\"wp-block-media-text alignwide\" style=\"grid-template-columns:62% auto\"><figure class=\"wp-block-media-text__media\"><img fetchpriority=\"high\" decoding=\"async\" width=\"600\" height=\"450\" src=\"http:\/\/www.maconnerie-et-compagnie.com\/wp-content\/uploads\/2019\/06\/dscf2784_site.jpg\" alt=\"\" class=\"wp-image-70\" srcset=\"https:\/\/www.maconnerie-et-compagnie.com\/wp-content\/uploads\/2019\/06\/dscf2784_site.jpg 600w, https:\/\/www.maconnerie-et-compagnie.com\/wp-content\/uploads\/2019\/06\/dscf2784_site-300x225.jpg 300w\" sizes=\"(max-width: 600px) 100vw, 600px\" \/><\/figure><div class=\"wp-block-media-text__content\">\n<p>\ninsulation and interior layout of an attic.\n\n<\/p>\n<\/div><\/div>\n\n\n\n<h4 class=\"wp-block-heading\"> <a href=\"http:\/\/www.maconnerie-et-compagnie.com\/en\/refection-dune-facade-a-la-chaux\/\">Rehabilitation of a lime fa\u00e7ade - Thouars (79)  <\/a> <\/h4>\n\n\n\n<div class=\"wp-block-media-text alignwide\" style=\"grid-template-columns:60% auto\"><figure class=\"wp-block-media-text__media\"><img decoding=\"async\" width=\"898\" height=\"729\" src=\"http:\/\/www.maconnerie-et-compagnie.com\/wp-content\/uploads\/2019\/06\/3.jpg\" alt=\"\" class=\"wp-image-42\" srcset=\"https:\/\/www.maconnerie-et-compagnie.com\/wp-content\/uploads\/2019\/06\/3.jpg 898w, https:\/\/www.maconnerie-et-compagnie.com\/wp-content\/uploads\/2019\/06\/3-300x244.jpg 300w, https:\/\/www.maconnerie-et-compagnie.com\/wp-content\/uploads\/2019\/06\/3-768x623.jpg 768w\" sizes=\"(max-width: 898px) 100vw, 898px\" \/><\/figure><div class=\"wp-block-media-text__content\">\n<p>\nRehabilitation of a Saint Astier colored lime facade with stone repair and creation of false stones \n\n<\/p>\n<\/div><\/div>\n\n\n\n<h4 class=\"wp-block-heading\"><a href=\"http:\/\/ http:\/\/www.maconnerie-et-compagnie.com\/chantier-auzay-sur-thouet-79\/(ouvre un nouvel onglet)\"> AZAY-SUR-THOUET BUILDING (79) <\/a><\/h4>\n\n\n\n<div class=\"wp-block-media-text alignwide\"><figure class=\"wp-block-media-text__media\"><img decoding=\"async\" width=\"1024\" height=\"683\" src=\"http:\/\/www.maconnerie-et-compagnie.com\/wp-content\/uploads\/2019\/06\/IMG_7942-1-1024x683.jpg\" alt=\"\" class=\"wp-image-76\" srcset=\"https:\/\/www.maconnerie-et-compagnie.com\/wp-content\/uploads\/2019\/06\/IMG_7942-1-1024x683.jpg 1024w, https:\/\/www.maconnerie-et-compagnie.com\/wp-content\/uploads\/2019\/06\/IMG_7942-1-300x200.jpg 300w, https:\/\/www.maconnerie-et-compagnie.com\/wp-content\/uploads\/2019\/06\/IMG_7942-1-768x512.jpg 768w, https:\/\/www.maconnerie-et-compagnie.com\/wp-content\/uploads\/2019\/06\/IMG_7942-1-1200x800.jpg 1200w\" sizes=\"(max-width: 1024px) 100vw, 1024px\" \/><\/figure><div class=\"wp-block-media-text__content\">\n<p>\n Rehabilitation of a roof and plaster \n\n<\/p>\n<\/div><\/div>\n\n\n\n<h4 class=\"wp-block-heading\"> Some examples of projects carried out by us <\/h4>\n\n\n\n<ul class=\"wp-block-list\"><li><a href=\"http:\/\/www.maconnerie-et-compagnie.com\/en\/chantiers\/fenetre-en-granit-nueil-les-aubier-79\/\"> Granite window - Nueil-Les-Aubier (79) <\/a><\/li><li><a href=\"http:\/\/www.maconnerie-et-compagnie.com\/en\/chantiers\/dalle-chaux-pouzzolane-argenton-les-vallees-79\/\">Slab lime pozzolana - Argenton the valleys (79)<\/a><\/li><li><a href=\"http:\/\/www.maconnerie-et-compagnie.com\/en\/chantiers\/refection-de-facade-a-la-chaux-pierres-apparentes-brion-pres-thouet-79\/\">\"Lime stone\" facade renovation - Brion pr\u00e8s thouet (79)<\/a><\/li><li> <a href=\"http:\/\/www.maconnerie-et-compagnie.com\/en\/chantiers\/refection-de-facade-a-la-chaux-pierres-apparentes-ste-verge-79\/\">Renovation of the \"stone walls\" lime fa\u00e7ade - Ste Verge (79) <\/a><\/li><li> <a href=\"http:\/\/www.maconnerie-et-compagnie.com\/en\/chantiers\/refection-de-facade-a-la-chaux-pierres-apparentes-pompaire-79\/\">\"Lime stone\" facade renovation - Pompaire (79)<\/a><\/li><li> <a href=\"http:\/\/www.maconnerie-et-compagnie.com\/en\/chantiers\/refection-de-facade-a-la-chaux-nueil-les-aubiers-79\/\">Fa\u00e7ade renovation with lime - Nueil-Les-Aubiers (79)<\/a>  <\/li><li> <a href=\"http:\/\/www.maconnerie-et-compagnie.com\/en\/chantiers\/creation-douverture-a-la-chaux-boisme-79\/\">Creation of opening with lime - Boism\u00e9 (79)<\/a> <\/li><li> <a href=\"http:\/\/www.maconnerie-et-compagnie.com\/en\/chantiers\/tomettes-louzy-79\/\">Tomettes - Louzy (79) <\/a><\/li><li> <a href=\"http:\/\/www.maconnerie-et-compagnie.com\/en\/chantiers\/enduit-de-facade-a-la-chaux-dit-pierres-apparentes-neuville-du-poitou-86\/\">Coating facade with lime said \"stones apparent\" - Neuville du Poitou (86) <\/a><\/li><li> Lime slab pozzolana - Vasles (79) <\/li><li> Lime-hemp debris - Nueil-Les-Aubiers (79)<a href=\"http:\/\/www.maconnerie-et-compagnie.com\/en\/degrossi-chaux-chanvre-nueil-les-aubiers-79\/\"> <\/a><\/li><li> Granite opening - Nueil-Les-Aubiers (79) <\/li><li> <a href=\"http:\/\/www.maconnerie-et-compagnie.com\/en\/chantiers\/tomette-boisme-79\/\">Tomette - Boism\u00e9 (79) <\/a><\/li><li> <a href=\"http:\/\/ http:\/\/www.maconnerie-et-compagnie.com\/chantiers\/enduit-terre-louzy-79\/(ouvre un nouvel onglet)\">Concrete lime-cork - Argentonnay (79)<\/a><a href=\"http:\/\/www.maconnerie-et-compagnie.com\/en\/chantiers\/enduit-terre-louzy-79\/\"> <\/a><\/li><li> <a href=\"http:\/\/www.maconnerie-et-compagnie.com\/en\/tomette-argentonnay-79\/\">Tomette \u2013 Argentonnay (79) <\/a><\/li><\/ul>","protected":false},"excerpt":{"rendered":"<p>Amenagement interieur- Argentonnay (79) Cr\u00e9ation de cloison en ossature bois et bardage en volige de peuplier rabot\u00e9e isolation et Am\u00e9nagement int\u00e9rieure d\u2019un grenier. R\u00e9fection d\u2019une fa\u00e7ade \u00e0 la chaux \u2013 Thouars (79) R\u00e9fection d\u2019une fa\u00e7ade \u00e0 la chaux color\u00e9e Saint Astier avec r\u00e9paration des pierres et cr\u00e9ation de fausses pierres CHANTIER AZAY-SUR-THOUET (79) R\u00e9fection d\u2019une [&hellip;]<\/p>","protected":false},"author":1,"featured_media":0,"parent":0,"menu_order":0,"comment_status":"closed","ping_status":"closed","template":"","meta":{"footnotes":""},"class_list":["post-15","page","type-page","status-publish","hentry","entry"],"yoast_head":"<!-- This site is optimized with the Yoast SEO plugin v24.5 - https:\/\/yoast.com\/wordpress\/plugins\/seo\/ -->\n<title>Chantiers - Ma\u00e7onnerie &amp; Compagnie<\/title>\n<meta name=\"robots\" content=\"index, follow, max-snippet:-1, max-image-preview:large, max-video-preview:-1\" \/>\n<link rel=\"canonical\" href=\"https:\/\/www.maconnerie-et-compagnie.com\/en\/chantiers\/\" \/>\n<meta property=\"og:locale\" content=\"en_GB\" \/>\n<meta property=\"og:type\" content=\"article\" \/>\n<meta property=\"og:title\" content=\"Chantiers - Ma\u00e7onnerie &amp; Compagnie\" \/>\n<meta property=\"og:description\" content=\"Amenagement interieur- Argentonnay (79) Cr\u00e9ation de cloison en ossature bois et bardage en volige de peuplier rabot\u00e9e isolation et Am\u00e9nagement int\u00e9rieure d\u2019un grenier. R\u00e9fection d\u2019une fa\u00e7ade \u00e0 la chaux \u2013 Thouars (79) R\u00e9fection d\u2019une fa\u00e7ade \u00e0 la chaux color\u00e9e Saint Astier avec r\u00e9paration des pierres et cr\u00e9ation de fausses pierres CHANTIER AZAY-SUR-THOUET (79) R\u00e9fection d\u2019une [&hellip;]\" \/>\n<meta property=\"og:url\" content=\"https:\/\/www.maconnerie-et-compagnie.com\/en\/chantiers\/\" \/>\n<meta property=\"og:site_name\" content=\"Ma\u00e7onnerie &amp; Compagnie\" \/>\n<meta property=\"article:publisher\" content=\"https:\/\/www.facebook.com\/p\/Maonnerie-et-compagnie-100057422509060\/\" \/>\n<meta property=\"article:modified_time\" content=\"2019-07-01T09:43:39+00:00\" \/>\n<meta property=\"og:image\" content=\"http:\/\/www.maconnerie-et-compagnie.com\/wp-content\/uploads\/2019\/06\/dscf2784_site.jpg\" \/>\n<meta name=\"twitter:card\" content=\"summary_large_image\" \/>\n<meta name=\"twitter:label1\" content=\"Estimated reading time\" \/>\n\t<meta name=\"twitter:data1\" content=\"1 minute\" \/>\n<script type=\"application\/ld+json\" class=\"yoast-schema-graph\">{\"@context\":\"https:\/\/schema.org\",\"@graph\":[{\"@type\":\"WebPage\",\"@id\":\"https:\/\/www.maconnerie-et-compagnie.com\/chantiers\/\",\"url\":\"https:\/\/www.maconnerie-et-compagnie.com\/chantiers\/\",\"name\":\"Chantiers - Ma\u00e7onnerie &amp; Compagnie\",\"isPartOf\":{\"@id\":\"https:\/\/www.maconnerie-et-compagnie.com\/#website\"},\"primaryImageOfPage\":{\"@id\":\"https:\/\/www.maconnerie-et-compagnie.com\/chantiers\/#primaryimage\"},\"image\":{\"@id\":\"https:\/\/www.maconnerie-et-compagnie.com\/chantiers\/#primaryimage\"},\"thumbnailUrl\":\"http:\/\/www.maconnerie-et-compagnie.com\/wp-content\/uploads\/2019\/06\/dscf2784_site.jpg\",\"datePublished\":\"2019-06-25T19:34:52+00:00\",\"dateModified\":\"2019-07-01T09:43:39+00:00\",\"breadcrumb\":{\"@id\":\"https:\/\/www.maconnerie-et-compagnie.com\/chantiers\/#breadcrumb\"},\"inLanguage\":\"en-GB\",\"potentialAction\":[{\"@type\":\"ReadAction\",\"target\":[\"https:\/\/www.maconnerie-et-compagnie.com\/chantiers\/\"]}]},{\"@type\":\"ImageObject\",\"inLanguage\":\"en-GB\",\"@id\":\"https:\/\/www.maconnerie-et-compagnie.com\/chantiers\/#primaryimage\",\"url\":\"http:\/\/www.maconnerie-et-compagnie.com\/wp-content\/uploads\/2019\/06\/dscf2784_site.jpg\",\"contentUrl\":\"http:\/\/www.maconnerie-et-compagnie.com\/wp-content\/uploads\/2019\/06\/dscf2784_site.jpg\"},{\"@type\":\"BreadcrumbList\",\"@id\":\"https:\/\/www.maconnerie-et-compagnie.com\/chantiers\/#breadcrumb\",\"itemListElement\":[{\"@type\":\"ListItem\",\"position\":1,\"name\":\"Accueil\",\"item\":\"https:\/\/www.maconnerie-et-compagnie.com\/\"},{\"@type\":\"ListItem\",\"position\":2,\"name\":\"Chantiers\"}]},{\"@type\":\"WebSite\",\"@id\":\"https:\/\/www.maconnerie-et-compagnie.com\/#website\",\"url\":\"https:\/\/www.maconnerie-et-compagnie.com\/\",\"name\":\"Ma\u00e7onnerie & Compagnie\",\"description\":\"Dans le respect de la nature.\",\"publisher\":{\"@id\":\"https:\/\/www.maconnerie-et-compagnie.com\/#organization\"},\"potentialAction\":[{\"@type\":\"SearchAction\",\"target\":{\"@type\":\"EntryPoint\",\"urlTemplate\":\"https:\/\/www.maconnerie-et-compagnie.com\/?s={search_term_string}\"},\"query-input\":{\"@type\":\"PropertyValueSpecification\",\"valueRequired\":true,\"valueName\":\"search_term_string\"}}],\"inLanguage\":\"en-GB\"},{\"@type\":\"Organization\",\"@id\":\"https:\/\/www.maconnerie-et-compagnie.com\/#organization\",\"name\":\"Ma\u00e7onnerie & Compagnie\",\"url\":\"https:\/\/www.maconnerie-et-compagnie.com\/\",\"logo\":{\"@type\":\"ImageObject\",\"inLanguage\":\"en-GB\",\"@id\":\"https:\/\/www.maconnerie-et-compagnie.com\/#\/schema\/logo\/image\/\",\"url\":\"https:\/\/www.maconnerie-et-compagnie.com\/wp-content\/uploads\/2025\/01\/cropped-Logo.png\",\"contentUrl\":\"https:\/\/www.maconnerie-et-compagnie.com\/wp-content\/uploads\/2025\/01\/cropped-Logo.png\",\"width\":512,\"height\":512,\"caption\":\"Ma\u00e7onnerie & Compagnie\"},\"image\":{\"@id\":\"https:\/\/www.maconnerie-et-compagnie.com\/#\/schema\/logo\/image\/\"},\"sameAs\":[\"https:\/\/www.facebook.com\/p\/Maonnerie-et-compagnie-100057422509060\/\"]}]}<\/script>\n<!-- \/ Yoast SEO plugin. -->","yoast_head_json":{"title":"Chantiers - Ma\u00e7onnerie &amp; Compagnie","robots":{"index":"index","follow":"follow","max-snippet":"max-snippet:-1","max-image-preview":"max-image-preview:large","max-video-preview":"max-video-preview:-1"},"canonical":"https:\/\/www.maconnerie-et-compagnie.com\/en\/chantiers\/","og_locale":"en_GB","og_type":"article","og_title":"Chantiers - Ma\u00e7onnerie &amp; Compagnie","og_description":"Amenagement interieur- Argentonnay (79) Cr\u00e9ation de cloison en ossature bois et bardage en volige de peuplier rabot\u00e9e isolation et Am\u00e9nagement int\u00e9rieure d\u2019un grenier. R\u00e9fection d\u2019une fa\u00e7ade \u00e0 la chaux \u2013 Thouars (79) R\u00e9fection d\u2019une fa\u00e7ade \u00e0 la chaux color\u00e9e Saint Astier avec r\u00e9paration des pierres et cr\u00e9ation de fausses pierres CHANTIER AZAY-SUR-THOUET (79) R\u00e9fection d\u2019une [&hellip;]","og_url":"https:\/\/www.maconnerie-et-compagnie.com\/en\/chantiers\/","og_site_name":"Ma\u00e7onnerie &amp; Compagnie","article_publisher":"https:\/\/www.facebook.com\/p\/Maonnerie-et-compagnie-100057422509060\/","article_modified_time":"2019-07-01T09:43:39+00:00","og_image":[{"url":"http:\/\/www.maconnerie-et-compagnie.com\/wp-content\/uploads\/2019\/06\/dscf2784_site.jpg","type":"","width":"","height":""}],"twitter_card":"summary_large_image","twitter_misc":{"Estimated reading time":"1 minute"},"schema":{"@context":"https:\/\/schema.org","@graph":[{"@type":"WebPage","@id":"https:\/\/www.maconnerie-et-compagnie.com\/chantiers\/","url":"https:\/\/www.maconnerie-et-compagnie.com\/chantiers\/","name":"Chantiers - Ma\u00e7onnerie &amp; Compagnie","isPartOf":{"@id":"https:\/\/www.maconnerie-et-compagnie.com\/#website"},"primaryImageOfPage":{"@id":"https:\/\/www.maconnerie-et-compagnie.com\/chantiers\/#primaryimage"},"image":{"@id":"https:\/\/www.maconnerie-et-compagnie.com\/chantiers\/#primaryimage"},"thumbnailUrl":"http:\/\/www.maconnerie-et-compagnie.com\/wp-content\/uploads\/2019\/06\/dscf2784_site.jpg","datePublished":"2019-06-25T19:34:52+00:00","dateModified":"2019-07-01T09:43:39+00:00","breadcrumb":{"@id":"https:\/\/www.maconnerie-et-compagnie.com\/chantiers\/#breadcrumb"},"inLanguage":"en-GB","potentialAction":[{"@type":"ReadAction","target":["https:\/\/www.maconnerie-et-compagnie.com\/chantiers\/"]}]},{"@type":"ImageObject","inLanguage":"en-GB","@id":"https:\/\/www.maconnerie-et-compagnie.com\/chantiers\/#primaryimage","url":"http:\/\/www.maconnerie-et-compagnie.com\/wp-content\/uploads\/2019\/06\/dscf2784_site.jpg","contentUrl":"http:\/\/www.maconnerie-et-compagnie.com\/wp-content\/uploads\/2019\/06\/dscf2784_site.jpg"},{"@type":"BreadcrumbList","@id":"https:\/\/www.maconnerie-et-compagnie.com\/chantiers\/#breadcrumb","itemListElement":[{"@type":"ListItem","position":1,"name":"Accueil","item":"https:\/\/www.maconnerie-et-compagnie.com\/"},{"@type":"ListItem","position":2,"name":"Chantiers"}]},{"@type":"WebSite","@id":"https:\/\/www.maconnerie-et-compagnie.com\/#website","url":"https:\/\/www.maconnerie-et-compagnie.com\/","name":"Ma\u00e7onnerie & Compagnie","description":"Dans le respect de la nature.","publisher":{"@id":"https:\/\/www.maconnerie-et-compagnie.com\/#organization"},"potentialAction":[{"@type":"SearchAction","target":{"@type":"EntryPoint","urlTemplate":"https:\/\/www.maconnerie-et-compagnie.com\/?s={search_term_string}"},"query-input":{"@type":"PropertyValueSpecification","valueRequired":true,"valueName":"search_term_string"}}],"inLanguage":"en-GB"},{"@type":"Organization","@id":"https:\/\/www.maconnerie-et-compagnie.com\/#organization","name":"Ma\u00e7onnerie & Compagnie","url":"https:\/\/www.maconnerie-et-compagnie.com\/","logo":{"@type":"ImageObject","inLanguage":"en-GB","@id":"https:\/\/www.maconnerie-et-compagnie.com\/#\/schema\/logo\/image\/","url":"https:\/\/www.maconnerie-et-compagnie.com\/wp-content\/uploads\/2025\/01\/cropped-Logo.png","contentUrl":"https:\/\/www.maconnerie-et-compagnie.com\/wp-content\/uploads\/2025\/01\/cropped-Logo.png","width":512,"height":512,"caption":"Ma\u00e7onnerie & Compagnie"},"image":{"@id":"https:\/\/www.maconnerie-et-compagnie.com\/#\/schema\/logo\/image\/"},"sameAs":["https:\/\/www.facebook.com\/p\/Maonnerie-et-compagnie-100057422509060\/"]}]}},"jetpack_sharing_enabled":true,"_links":{"self":[{"href":"https:\/\/www.maconnerie-et-compagnie.com\/en\/wp-json\/wp\/v2\/pages\/15","targetHints":{"allow":["GET"]}}],"collection":[{"href":"https:\/\/www.maconnerie-et-compagnie.com\/en\/wp-json\/wp\/v2\/pages"}],"about":[{"href":"https:\/\/www.maconnerie-et-compagnie.com\/en\/wp-json\/wp\/v2\/types\/page"}],"author":[{"embeddable":true,"href":"https:\/\/www.maconnerie-et-compagnie.com\/en\/wp-json\/wp\/v2\/users\/1"}],"replies":[{"embeddable":true,"href":"https:\/\/www.maconnerie-et-compagnie.com\/en\/wp-json\/wp\/v2\/comments?post=15"}],"version-history":[{"count":8,"href":"https:\/\/www.maconnerie-et-compagnie.com\/en\/wp-json\/wp\/v2\/pages\/15\/revisions"}],"predecessor-version":[{"id":238,"href":"https:\/\/www.maconnerie-et-compagnie.com\/en\/wp-json\/wp\/v2\/pages\/15\/revisions\/238"}],"wp:attachment":[{"href":"https:\/\/www.maconnerie-et-compagnie.com\/en\/wp-json\/wp\/v2\/media?parent=15"}],"curies":[{"name":"wp","href":"https:\/\/api.w.org\/{rel}","templated":true}]}}