{"id":19,"date":"2019-06-25T21:35:12","date_gmt":"2019-06-25T19:35:12","guid":{"rendered":"http:\/\/www.maconnerie-et-compagnie.com\/?page_id=19"},"modified":"2025-01-07T13:49:29","modified_gmt":"2025-01-07T12:49:29","slug":"liens","status":"publish","type":"page","link":"https:\/\/www.maconnerie-et-compagnie.com\/en\/liens\/","title":{"rendered":"Links"},"content":{"rendered":"<h4 class=\"wp-block-heading\"> PARTENAIRES <\/h4>\n\n\n\n<p><strong>RECIPROC<\/strong><\/p>\n\n\n\n<figure class=\"wp-block-image size-full\"><a href=\"https:\/\/groupe-reciproc.fr\/thouars\/\"><img fetchpriority=\"high\" decoding=\"async\" width=\"587\" height=\"256\" src=\"http:\/\/www.maconnerie-et-compagnie.com\/wp-content\/uploads\/2025\/01\/RECIPROC.png\" alt=\"\" class=\"wp-image-266\" srcset=\"https:\/\/www.maconnerie-et-compagnie.com\/wp-content\/uploads\/2025\/01\/RECIPROC.png 587w, https:\/\/www.maconnerie-et-compagnie.com\/wp-content\/uploads\/2025\/01\/RECIPROC-300x131.png 300w, https:\/\/www.maconnerie-et-compagnie.com\/wp-content\/uploads\/2025\/01\/RECIPROC-18x8.png 18w\" sizes=\"(max-width: 587px) 100vw, 587px\" \/><\/a><\/figure>\n\n\n\n<p>Un groupe RECIPROC est une organisation d\u00e9di\u00e9e au <strong>r\u00e9seautage d\u2019affaires<\/strong>. C\u2019est l\u2019opportunit\u00e9 de partager des r\u00e9f\u00e9rences commerciales et de d\u00e9velopper son entreprise dans la <strong>convivialit\u00e9<\/strong>. Le groupe de Thouars comptabilise 25 entreprises de tout secteur.<\/p>\n\n\n\n<p><\/p>\n\n\n\n<h4 class=\"wp-block-heading\"> <strong>FOURNISSEURS<\/strong> <\/h4>\n\n\n\n<p><strong>LMCR<\/strong><\/p>\n\n\n\n<p> LMCR est une coop\u00e9rative artisanale d\u2019achat de mat\u00e9riaux de construction   regroupant pr\u00e8s de 320 artisans\/adh\u00e9rents sur 3 d\u00e9partements&nbsp;: Vend\u00e9e,   Maine et Loire et Loire Atlantique dans les m\u00e9tiers du  gros oeuvre,  de  la couverture.<br><a href=\"http:\/\/www.lmcr.fr\">www.lmcr.fr<\/a><\/p>\n\n\n\n<p><strong>Chanvre Mellois<\/strong><\/p>\n\n\n\n<p> The Chanvre Mellois peasant hemp producers produce hemp products for eco-construction (hemp wood, wool, bricks) and offer training on the use of these materials to artisans and individuals.<br> Masonry and Company is custodian of the Mellois Hemp.<br><a href=\"http:\/\/www.chanvre-mellois.com\">www.chanvre-mellois.com<\/a><\/p>\n\n\n\n<h4 class=\"wp-block-heading\"> <strong>NETWORK OF THE ACTORS OF THE ECO-CONSTRUCTION<\/strong><br><strong>CLUSTER ECO-HABITAT POITOU-CHARENTES<\/strong>  <\/h4>\n\n\n\n<div class=\"wp-block-media-text alignwide\" style=\"grid-template-columns:29% auto\"><figure class=\"wp-block-media-text__media\"><img decoding=\"async\" width=\"105\" height=\"150\" src=\"http:\/\/www.maconnerie-et-compagnie.com\/wp-content\/uploads\/2019\/06\/tampon_adhesion_2019-01-2-687b6-f255e.jpg\" alt=\"\" class=\"wp-image-83\"\/><\/figure><div class=\"wp-block-media-text__content\">\n\n<p><a href=\"http:\/\/www.cluster-ecohabitat.fr\">www.cluster-ecohabitat.fr<\/a><\/p>\n\n<\/div><\/div>\n\n\n\n<h4 class=\"wp-block-heading\"> <strong>ASSISTANCE TO HABITAT IMPROVEMENT<\/strong> <\/h4>\n\n\n\n<p><strong>ANAH<\/strong><\/p>\n\n\n\n<p> The National Agency for Home Improvement helps you to improve the energy performance of your home.<br> <a href=\"http:\/\/www.anah.fr\/habitermieux\/proprietaires-occupants\/habiter-mieux-cest-quoi.html\">www.anah.fr\/habitermieux\/proprietaires-occupants\/habiter-mieux-cest-quoi.html<\/a> <\/p>\n\n\n\n<p><strong>Etat<\/strong><\/p>\n\n\n\n<p> The State is also setting up financial aid for energy savings in new or existing homes.<br><a href=\"http:\/\/www.developpement-durable.gouv.fr\/-Aides-financieres-.html\">www.developpement-durable.gouv.fr\/-Aides-financieres-.html<\/a><\/p>\n\n\n\n<p><strong>ADEME<\/strong><\/p>\n\n\n\n<p> The ADEME gives you advice for a comfortable home and low energy consumption.<br><a href=\"http:\/\/www.ecocitoyens.ademe.fr\">www.ecocitoyens.ademe.fr<\/a><\/p>\n\n\n\n<h4 class=\"wp-block-heading\"> <strong>DOCUMENTATION<\/strong> <\/h4>\n\n\n\n<p><strong>Terre Vivante<\/strong><\/p>\n\n\n\n<p> Terre Vivante poss\u00e8de une bonne biblioth\u00e8que sur l\u2019\u00e9co-construction, en plus de son excellent magazine \u00ab&nbsp;Les 4 saisons&nbsp;\u00bb&nbsp;:<br><a href=\"http:\/\/www.terrevivante.org\">www.terrevivante.org<\/a><\/p>\n\n\n\n<p><strong>Maisons Paysannes<\/strong><\/p>\n\n\n\n<p> L\u2019association Maisons Paysannes a pour objectif de sauvegarder les   maisons paysannes traditionnelles  et vous apporte ses conseils et son   expertise pour la restauration de votre maison&nbsp;:<br><a href=\"http:\/\/www.maisons-paysannes-79.org\">www.maisons-paysannes-79.org<\/a><\/p>\n\n\n\n<p><strong>French Construction Network Straw<\/strong><\/p>\n\n\n\n<p> To know all about straw houses, do not hesitate to consult the Compaillons website.<br><a href=\"http:\/\/www.rfcp.fr\">www.rfcp.fr<\/a><\/p>\n\n\n\n<div class=\"wp-block-media-text alignwide\" style=\"grid-template-columns:27% auto\"><figure class=\"wp-block-media-text__media\"><img decoding=\"async\" width=\"223\" height=\"155\" src=\"http:\/\/www.maconnerie-et-compagnie.com\/wp-content\/uploads\/2019\/06\/logo.png\" alt=\"\" class=\"wp-image-84\"\/><\/figure><div class=\"wp-block-media-text__content\">\n\n<p><strong><a href=\"https:\/\/www.bioetbienetre.fr\/\">L\u2019annuaire des consom\u2019acteurs<\/a><\/strong><\/p>\n\n<\/div><\/div>","protected":false},"excerpt":{"rendered":"<p>PARTENAIRES RECIPROC Un groupe RECIPROC est une organisation d\u00e9di\u00e9e au r\u00e9seautage d\u2019affaires. C\u2019est l\u2019opportunit\u00e9 de partager des r\u00e9f\u00e9rences commerciales et de d\u00e9velopper son entreprise dans la convivialit\u00e9. Le groupe de Thouars comptabilise 25 entreprises de tout secteur. FOURNISSEURS LMCR LMCR est une coop\u00e9rative artisanale d\u2019achat de mat\u00e9riaux de construction regroupant pr\u00e8s de 320 artisans\/adh\u00e9rents sur [&hellip;]<\/p>","protected":false},"author":1,"featured_media":0,"parent":0,"menu_order":0,"comment_status":"closed","ping_status":"closed","template":"","meta":{"footnotes":""},"class_list":["post-19","page","type-page","status-publish","hentry","entry"],"yoast_head":"<!-- This site is optimized with the Yoast SEO plugin v24.5 - https:\/\/yoast.com\/wordpress\/plugins\/seo\/ -->\n<title>Liens - Ma\u00e7onnerie &amp; Compagnie<\/title>\n<meta name=\"robots\" content=\"index, follow, max-snippet:-1, max-image-preview:large, max-video-preview:-1\" \/>\n<link rel=\"canonical\" href=\"https:\/\/www.maconnerie-et-compagnie.com\/en\/liens\/\" \/>\n<meta property=\"og:locale\" content=\"en_GB\" \/>\n<meta property=\"og:type\" content=\"article\" \/>\n<meta property=\"og:title\" content=\"Liens - Ma\u00e7onnerie &amp; Compagnie\" \/>\n<meta property=\"og:description\" content=\"PARTENAIRES RECIPROC Un groupe RECIPROC est une organisation d\u00e9di\u00e9e au r\u00e9seautage d\u2019affaires. C\u2019est l\u2019opportunit\u00e9 de partager des r\u00e9f\u00e9rences commerciales et de d\u00e9velopper son entreprise dans la convivialit\u00e9. Le groupe de Thouars comptabilise 25 entreprises de tout secteur. FOURNISSEURS LMCR LMCR est une coop\u00e9rative artisanale d\u2019achat de mat\u00e9riaux de construction regroupant pr\u00e8s de 320 artisans\/adh\u00e9rents sur [&hellip;]\" \/>\n<meta property=\"og:url\" content=\"https:\/\/www.maconnerie-et-compagnie.com\/en\/liens\/\" \/>\n<meta property=\"og:site_name\" content=\"Ma\u00e7onnerie &amp; Compagnie\" \/>\n<meta property=\"article:publisher\" content=\"https:\/\/www.facebook.com\/p\/Maonnerie-et-compagnie-100057422509060\/\" \/>\n<meta property=\"article:modified_time\" content=\"2025-01-07T12:49:29+00:00\" \/>\n<meta property=\"og:image\" content=\"http:\/\/www.maconnerie-et-compagnie.com\/wp-content\/uploads\/2025\/01\/RECIPROC.png\" \/>\n<meta name=\"twitter:card\" content=\"summary_large_image\" \/>\n<meta name=\"twitter:label1\" content=\"Estimated reading time\" \/>\n\t<meta name=\"twitter:data1\" content=\"2 minutes\" \/>\n<script type=\"application\/ld+json\" class=\"yoast-schema-graph\">{\"@context\":\"https:\/\/schema.org\",\"@graph\":[{\"@type\":\"WebPage\",\"@id\":\"https:\/\/www.maconnerie-et-compagnie.com\/liens\/\",\"url\":\"https:\/\/www.maconnerie-et-compagnie.com\/liens\/\",\"name\":\"Liens - Ma\u00e7onnerie &amp; Compagnie\",\"isPartOf\":{\"@id\":\"https:\/\/www.maconnerie-et-compagnie.com\/#website\"},\"primaryImageOfPage\":{\"@id\":\"https:\/\/www.maconnerie-et-compagnie.com\/liens\/#primaryimage\"},\"image\":{\"@id\":\"https:\/\/www.maconnerie-et-compagnie.com\/liens\/#primaryimage\"},\"thumbnailUrl\":\"http:\/\/www.maconnerie-et-compagnie.com\/wp-content\/uploads\/2025\/01\/RECIPROC.png\",\"datePublished\":\"2019-06-25T19:35:12+00:00\",\"dateModified\":\"2025-01-07T12:49:29+00:00\",\"breadcrumb\":{\"@id\":\"https:\/\/www.maconnerie-et-compagnie.com\/liens\/#breadcrumb\"},\"inLanguage\":\"en-GB\",\"potentialAction\":[{\"@type\":\"ReadAction\",\"target\":[\"https:\/\/www.maconnerie-et-compagnie.com\/liens\/\"]}]},{\"@type\":\"ImageObject\",\"inLanguage\":\"en-GB\",\"@id\":\"https:\/\/www.maconnerie-et-compagnie.com\/liens\/#primaryimage\",\"url\":\"http:\/\/www.maconnerie-et-compagnie.com\/wp-content\/uploads\/2025\/01\/RECIPROC.png\",\"contentUrl\":\"http:\/\/www.maconnerie-et-compagnie.com\/wp-content\/uploads\/2025\/01\/RECIPROC.png\"},{\"@type\":\"BreadcrumbList\",\"@id\":\"https:\/\/www.maconnerie-et-compagnie.com\/liens\/#breadcrumb\",\"itemListElement\":[{\"@type\":\"ListItem\",\"position\":1,\"name\":\"Accueil\",\"item\":\"https:\/\/www.maconnerie-et-compagnie.com\/\"},{\"@type\":\"ListItem\",\"position\":2,\"name\":\"Liens\"}]},{\"@type\":\"WebSite\",\"@id\":\"https:\/\/www.maconnerie-et-compagnie.com\/#website\",\"url\":\"https:\/\/www.maconnerie-et-compagnie.com\/\",\"name\":\"Ma\u00e7onnerie & Compagnie\",\"description\":\"Dans le respect de la nature.\",\"publisher\":{\"@id\":\"https:\/\/www.maconnerie-et-compagnie.com\/#organization\"},\"potentialAction\":[{\"@type\":\"SearchAction\",\"target\":{\"@type\":\"EntryPoint\",\"urlTemplate\":\"https:\/\/www.maconnerie-et-compagnie.com\/?s={search_term_string}\"},\"query-input\":{\"@type\":\"PropertyValueSpecification\",\"valueRequired\":true,\"valueName\":\"search_term_string\"}}],\"inLanguage\":\"en-GB\"},{\"@type\":\"Organization\",\"@id\":\"https:\/\/www.maconnerie-et-compagnie.com\/#organization\",\"name\":\"Ma\u00e7onnerie & Compagnie\",\"url\":\"https:\/\/www.maconnerie-et-compagnie.com\/\",\"logo\":{\"@type\":\"ImageObject\",\"inLanguage\":\"en-GB\",\"@id\":\"https:\/\/www.maconnerie-et-compagnie.com\/#\/schema\/logo\/image\/\",\"url\":\"https:\/\/www.maconnerie-et-compagnie.com\/wp-content\/uploads\/2025\/01\/cropped-Logo.png\",\"contentUrl\":\"https:\/\/www.maconnerie-et-compagnie.com\/wp-content\/uploads\/2025\/01\/cropped-Logo.png\",\"width\":512,\"height\":512,\"caption\":\"Ma\u00e7onnerie & Compagnie\"},\"image\":{\"@id\":\"https:\/\/www.maconnerie-et-compagnie.com\/#\/schema\/logo\/image\/\"},\"sameAs\":[\"https:\/\/www.facebook.com\/p\/Maonnerie-et-compagnie-100057422509060\/\"]}]}<\/script>\n<!-- \/ Yoast SEO plugin. -->","yoast_head_json":{"title":"Liens - Ma\u00e7onnerie &amp; Compagnie","robots":{"index":"index","follow":"follow","max-snippet":"max-snippet:-1","max-image-preview":"max-image-preview:large","max-video-preview":"max-video-preview:-1"},"canonical":"https:\/\/www.maconnerie-et-compagnie.com\/en\/liens\/","og_locale":"en_GB","og_type":"article","og_title":"Liens - Ma\u00e7onnerie &amp; Compagnie","og_description":"PARTENAIRES RECIPROC Un groupe RECIPROC est une organisation d\u00e9di\u00e9e au r\u00e9seautage d\u2019affaires. C\u2019est l\u2019opportunit\u00e9 de partager des r\u00e9f\u00e9rences commerciales et de d\u00e9velopper son entreprise dans la convivialit\u00e9. Le groupe de Thouars comptabilise 25 entreprises de tout secteur. FOURNISSEURS LMCR LMCR est une coop\u00e9rative artisanale d\u2019achat de mat\u00e9riaux de construction regroupant pr\u00e8s de 320 artisans\/adh\u00e9rents sur [&hellip;]","og_url":"https:\/\/www.maconnerie-et-compagnie.com\/en\/liens\/","og_site_name":"Ma\u00e7onnerie &amp; Compagnie","article_publisher":"https:\/\/www.facebook.com\/p\/Maonnerie-et-compagnie-100057422509060\/","article_modified_time":"2025-01-07T12:49:29+00:00","og_image":[{"url":"http:\/\/www.maconnerie-et-compagnie.com\/wp-content\/uploads\/2025\/01\/RECIPROC.png","type":"","width":"","height":""}],"twitter_card":"summary_large_image","twitter_misc":{"Estimated reading time":"2 minutes"},"schema":{"@context":"https:\/\/schema.org","@graph":[{"@type":"WebPage","@id":"https:\/\/www.maconnerie-et-compagnie.com\/liens\/","url":"https:\/\/www.maconnerie-et-compagnie.com\/liens\/","name":"Liens - Ma\u00e7onnerie &amp; Compagnie","isPartOf":{"@id":"https:\/\/www.maconnerie-et-compagnie.com\/#website"},"primaryImageOfPage":{"@id":"https:\/\/www.maconnerie-et-compagnie.com\/liens\/#primaryimage"},"image":{"@id":"https:\/\/www.maconnerie-et-compagnie.com\/liens\/#primaryimage"},"thumbnailUrl":"http:\/\/www.maconnerie-et-compagnie.com\/wp-content\/uploads\/2025\/01\/RECIPROC.png","datePublished":"2019-06-25T19:35:12+00:00","dateModified":"2025-01-07T12:49:29+00:00","breadcrumb":{"@id":"https:\/\/www.maconnerie-et-compagnie.com\/liens\/#breadcrumb"},"inLanguage":"en-GB","potentialAction":[{"@type":"ReadAction","target":["https:\/\/www.maconnerie-et-compagnie.com\/liens\/"]}]},{"@type":"ImageObject","inLanguage":"en-GB","@id":"https:\/\/www.maconnerie-et-compagnie.com\/liens\/#primaryimage","url":"http:\/\/www.maconnerie-et-compagnie.com\/wp-content\/uploads\/2025\/01\/RECIPROC.png","contentUrl":"http:\/\/www.maconnerie-et-compagnie.com\/wp-content\/uploads\/2025\/01\/RECIPROC.png"},{"@type":"BreadcrumbList","@id":"https:\/\/www.maconnerie-et-compagnie.com\/liens\/#breadcrumb","itemListElement":[{"@type":"ListItem","position":1,"name":"Accueil","item":"https:\/\/www.maconnerie-et-compagnie.com\/"},{"@type":"ListItem","position":2,"name":"Liens"}]},{"@type":"WebSite","@id":"https:\/\/www.maconnerie-et-compagnie.com\/#website","url":"https:\/\/www.maconnerie-et-compagnie.com\/","name":"Ma\u00e7onnerie & Compagnie","description":"Dans le respect de la nature.","publisher":{"@id":"https:\/\/www.maconnerie-et-compagnie.com\/#organization"},"potentialAction":[{"@type":"SearchAction","target":{"@type":"EntryPoint","urlTemplate":"https:\/\/www.maconnerie-et-compagnie.com\/?s={search_term_string}"},"query-input":{"@type":"PropertyValueSpecification","valueRequired":true,"valueName":"search_term_string"}}],"inLanguage":"en-GB"},{"@type":"Organization","@id":"https:\/\/www.maconnerie-et-compagnie.com\/#organization","name":"Ma\u00e7onnerie & Compagnie","url":"https:\/\/www.maconnerie-et-compagnie.com\/","logo":{"@type":"ImageObject","inLanguage":"en-GB","@id":"https:\/\/www.maconnerie-et-compagnie.com\/#\/schema\/logo\/image\/","url":"https:\/\/www.maconnerie-et-compagnie.com\/wp-content\/uploads\/2025\/01\/cropped-Logo.png","contentUrl":"https:\/\/www.maconnerie-et-compagnie.com\/wp-content\/uploads\/2025\/01\/cropped-Logo.png","width":512,"height":512,"caption":"Ma\u00e7onnerie & Compagnie"},"image":{"@id":"https:\/\/www.maconnerie-et-compagnie.com\/#\/schema\/logo\/image\/"},"sameAs":["https:\/\/www.facebook.com\/p\/Maonnerie-et-compagnie-100057422509060\/"]}]}},"jetpack_sharing_enabled":true,"_links":{"self":[{"href":"https:\/\/www.maconnerie-et-compagnie.com\/en\/wp-json\/wp\/v2\/pages\/19","targetHints":{"allow":["GET"]}}],"collection":[{"href":"https:\/\/www.maconnerie-et-compagnie.com\/en\/wp-json\/wp\/v2\/pages"}],"about":[{"href":"https:\/\/www.maconnerie-et-compagnie.com\/en\/wp-json\/wp\/v2\/types\/page"}],"author":[{"embeddable":true,"href":"https:\/\/www.maconnerie-et-compagnie.com\/en\/wp-json\/wp\/v2\/users\/1"}],"replies":[{"embeddable":true,"href":"https:\/\/www.maconnerie-et-compagnie.com\/en\/wp-json\/wp\/v2\/comments?post=19"}],"version-history":[{"count":5,"href":"https:\/\/www.maconnerie-et-compagnie.com\/en\/wp-json\/wp\/v2\/pages\/19\/revisions"}],"predecessor-version":[{"id":265,"href":"https:\/\/www.maconnerie-et-compagnie.com\/en\/wp-json\/wp\/v2\/pages\/19\/revisions\/265"}],"wp:attachment":[{"href":"https:\/\/www.maconnerie-et-compagnie.com\/en\/wp-json\/wp\/v2\/media?parent=19"}],"curies":[{"name":"wp","href":"https:\/\/api.w.org\/{rel}","templated":true}]}}