{"id":7,"date":"2019-06-25T21:31:41","date_gmt":"2019-06-25T19:31:41","guid":{"rendered":"http:\/\/www.maconnerie-et-compagnie.com\/?page_id=7"},"modified":"2021-04-29T10:41:49","modified_gmt":"2021-04-29T08:41:49","slug":"accueil","status":"publish","type":"page","link":"https:\/\/www.maconnerie-et-compagnie.com\/en\/","title":{"rendered":"Home"},"content":{"rendered":"<div class=\"wp-block-media-text alignwide has-media-on-the-right is-stacked-on-mobile\" style=\"grid-template-columns:auto 56%\"><figure class=\"wp-block-media-text__media\"><img fetchpriority=\"high\" decoding=\"async\" width=\"640\" height=\"427\" src=\"http:\/\/www.maconnerie-et-compagnie.com\/wp-content\/uploads\/2019\/06\/62474043_400696144112659_6529617674639507456_n.jpg\" alt=\"\" class=\"wp-image-39 size-full\" srcset=\"https:\/\/www.maconnerie-et-compagnie.com\/wp-content\/uploads\/2019\/06\/62474043_400696144112659_6529617674639507456_n.jpg 640w, https:\/\/www.maconnerie-et-compagnie.com\/wp-content\/uploads\/2019\/06\/62474043_400696144112659_6529617674639507456_n-300x200.jpg 300w\" sizes=\"(max-width: 640px) 100vw, 640px\" \/><\/figure><div class=\"wp-block-media-text__content\">\n<p>\nThe company Ma\u00e7onnerie et Compagnie- EIRL Simon Genty, is located in\nMoutiers sous-Argenton, north of Deux-S\u00e8vres near Thouars\nand Bressuire with a radius of action of 45km to Cholet, Saumur,\nParthenay.\n\n<\/p>\n<\/div><\/div>\n\n\n\n<p>We offer our services and know-how in heritage restoration and ecological renovation.<\/p>\n\n\n\n<p>\nOur company favours the use of natural materials such as\nas stone, lime, hemp and clay to procure\na healthier house.<\/p>\n\n\n\n<p>  Masonry and Company also accompanies self-builders who want to learn how to use these eco-friendly materials.<\/p>\n\n\n\n<figure class=\"wp-block-gallery columns-3 is-cropped wp-block-gallery-1 is-layout-flex wp-block-gallery-is-layout-flex\"><ul class=\"blocks-gallery-grid\"><li class=\"blocks-gallery-item\"><figure><img decoding=\"async\" width=\"693\" height=\"933\" src=\"http:\/\/www.maconnerie-et-compagnie.com\/wp-content\/uploads\/2019\/06\/ouverture-chaux.jpg\" alt=\"\" data-id=\"46\" data-link=\"http:\/\/www.maconnerie-et-compagnie.com\/accueil\/ouverture-chaux\/\" class=\"wp-image-46\" srcset=\"https:\/\/www.maconnerie-et-compagnie.com\/wp-content\/uploads\/2019\/06\/ouverture-chaux.jpg 693w, https:\/\/www.maconnerie-et-compagnie.com\/wp-content\/uploads\/2019\/06\/ouverture-chaux-223x300.jpg 223w\" sizes=\"(max-width: 693px) 100vw, 693px\" \/><\/figure><\/li><li class=\"blocks-gallery-item\"><figure><img decoding=\"async\" width=\"1024\" height=\"768\" src=\"http:\/\/www.maconnerie-et-compagnie.com\/wp-content\/uploads\/2019\/06\/enduit-argil-1024x768.jpg\" alt=\"\" data-id=\"45\" data-link=\"http:\/\/www.maconnerie-et-compagnie.com\/accueil\/enduit-argil\/\" class=\"wp-image-45\" srcset=\"https:\/\/www.maconnerie-et-compagnie.com\/wp-content\/uploads\/2019\/06\/enduit-argil-1024x768.jpg 1024w, https:\/\/www.maconnerie-et-compagnie.com\/wp-content\/uploads\/2019\/06\/enduit-argil-300x225.jpg 300w, https:\/\/www.maconnerie-et-compagnie.com\/wp-content\/uploads\/2019\/06\/enduit-argil-768x576.jpg 768w, https:\/\/www.maconnerie-et-compagnie.com\/wp-content\/uploads\/2019\/06\/enduit-argil-1200x900.jpg 1200w, https:\/\/www.maconnerie-et-compagnie.com\/wp-content\/uploads\/2019\/06\/enduit-argil.jpg 1241w\" sizes=\"(max-width: 1024px) 100vw, 1024px\" \/><\/figure><\/li><li class=\"blocks-gallery-item\"><figure><img loading=\"lazy\" decoding=\"async\" width=\"898\" height=\"613\" src=\"http:\/\/www.maconnerie-et-compagnie.com\/wp-content\/uploads\/2019\/06\/d.jpg\" alt=\"\" data-id=\"44\" data-link=\"http:\/\/www.maconnerie-et-compagnie.com\/accueil\/d\/\" class=\"wp-image-44\" srcset=\"https:\/\/www.maconnerie-et-compagnie.com\/wp-content\/uploads\/2019\/06\/d.jpg 898w, https:\/\/www.maconnerie-et-compagnie.com\/wp-content\/uploads\/2019\/06\/d-300x205.jpg 300w, https:\/\/www.maconnerie-et-compagnie.com\/wp-content\/uploads\/2019\/06\/d-768x524.jpg 768w\" sizes=\"(max-width: 898px) 100vw, 898px\" \/><\/figure><\/li><li class=\"blocks-gallery-item\"><figure><img loading=\"lazy\" decoding=\"async\" width=\"898\" height=\"729\" src=\"http:\/\/www.maconnerie-et-compagnie.com\/wp-content\/uploads\/2019\/06\/3.jpg\" alt=\"\" data-id=\"42\" data-link=\"http:\/\/www.maconnerie-et-compagnie.com\/accueil\/attachment\/3\/\" class=\"wp-image-42\" srcset=\"https:\/\/www.maconnerie-et-compagnie.com\/wp-content\/uploads\/2019\/06\/3.jpg 898w, https:\/\/www.maconnerie-et-compagnie.com\/wp-content\/uploads\/2019\/06\/3-300x244.jpg 300w, https:\/\/www.maconnerie-et-compagnie.com\/wp-content\/uploads\/2019\/06\/3-768x623.jpg 768w\" sizes=\"(max-width: 898px) 100vw, 898px\" \/><\/figure><\/li><li class=\"blocks-gallery-item\"><figure><img loading=\"lazy\" decoding=\"async\" width=\"621\" height=\"930\" src=\"http:\/\/www.maconnerie-et-compagnie.com\/wp-content\/uploads\/2019\/06\/5.jpg\" alt=\"\" data-id=\"43\" data-link=\"http:\/\/www.maconnerie-et-compagnie.com\/accueil\/attachment\/5\/\" class=\"wp-image-43\" srcset=\"https:\/\/www.maconnerie-et-compagnie.com\/wp-content\/uploads\/2019\/06\/5.jpg 621w, https:\/\/www.maconnerie-et-compagnie.com\/wp-content\/uploads\/2019\/06\/5-200x300.jpg 200w\" sizes=\"(max-width: 621px) 100vw, 621px\" \/><\/figure><\/li><\/ul><\/figure>","protected":false},"excerpt":{"rendered":"<p>L\u2019entreprise Ma\u00e7onnerie et Compagnie- EIRL Simon Genty, est situ\u00e9e \u00e0 Moutiers sous-Argenton, au nord des Deux-S\u00e8vres \u00e0 proximit\u00e9 de Thouars et de Bressuire avec un rayon d\u2019action de 45km jusqu\u2019\u00e0 Cholet, Saumur, Parthenay. Nous vous proposons nos services et notre savoir-faire en mati\u00e8re de restauration du patrimoine et de r\u00e9novation \u00e9cologique. Notre entreprise privil\u00e9gie l\u2019utilisation [&hellip;]<\/p>","protected":false},"author":1,"featured_media":0,"parent":0,"menu_order":0,"comment_status":"closed","ping_status":"closed","template":"","meta":{"footnotes":""},"class_list":["post-7","page","type-page","status-publish","hentry","entry"],"yoast_head":"<!-- This site is optimized with the Yoast SEO plugin v24.5 - https:\/\/yoast.com\/wordpress\/plugins\/seo\/ -->\n<title>Accueil - Ma\u00e7onnerie &amp; Compagnie<\/title>\n<meta name=\"robots\" content=\"index, follow, max-snippet:-1, max-image-preview:large, max-video-preview:-1\" \/>\n<link rel=\"canonical\" href=\"https:\/\/www.maconnerie-et-compagnie.com\/en\/\" \/>\n<meta property=\"og:locale\" content=\"en_GB\" \/>\n<meta property=\"og:type\" content=\"article\" \/>\n<meta property=\"og:title\" content=\"Accueil - Ma\u00e7onnerie &amp; Compagnie\" \/>\n<meta property=\"og:description\" content=\"L\u2019entreprise Ma\u00e7onnerie et Compagnie- EIRL Simon Genty, est situ\u00e9e \u00e0 Moutiers sous-Argenton, au nord des Deux-S\u00e8vres \u00e0 proximit\u00e9 de Thouars et de Bressuire avec un rayon d\u2019action de 45km jusqu\u2019\u00e0 Cholet, Saumur, Parthenay. Nous vous proposons nos services et notre savoir-faire en mati\u00e8re de restauration du patrimoine et de r\u00e9novation \u00e9cologique. Notre entreprise privil\u00e9gie l\u2019utilisation [&hellip;]\" \/>\n<meta property=\"og:url\" content=\"https:\/\/www.maconnerie-et-compagnie.com\/en\/\" \/>\n<meta property=\"og:site_name\" content=\"Ma\u00e7onnerie &amp; Compagnie\" \/>\n<meta property=\"article:publisher\" content=\"https:\/\/www.facebook.com\/p\/Maonnerie-et-compagnie-100057422509060\/\" \/>\n<meta property=\"article:modified_time\" content=\"2021-04-29T08:41:49+00:00\" \/>\n<meta property=\"og:image\" content=\"http:\/\/www.maconnerie-et-compagnie.com\/wp-content\/uploads\/2019\/06\/62474043_400696144112659_6529617674639507456_n.jpg\" \/>\n<meta name=\"twitter:card\" content=\"summary_large_image\" \/>\n<meta name=\"twitter:label1\" content=\"Estimated reading time\" \/>\n\t<meta name=\"twitter:data1\" content=\"1 minute\" \/>\n<script type=\"application\/ld+json\" class=\"yoast-schema-graph\">{\"@context\":\"https:\/\/schema.org\",\"@graph\":[{\"@type\":\"WebPage\",\"@id\":\"https:\/\/www.maconnerie-et-compagnie.com\/\",\"url\":\"https:\/\/www.maconnerie-et-compagnie.com\/\",\"name\":\"Accueil - Ma\u00e7onnerie &amp; Compagnie\",\"isPartOf\":{\"@id\":\"https:\/\/www.maconnerie-et-compagnie.com\/#website\"},\"primaryImageOfPage\":{\"@id\":\"https:\/\/www.maconnerie-et-compagnie.com\/#primaryimage\"},\"image\":{\"@id\":\"https:\/\/www.maconnerie-et-compagnie.com\/#primaryimage\"},\"thumbnailUrl\":\"http:\/\/www.maconnerie-et-compagnie.com\/wp-content\/uploads\/2019\/06\/62474043_400696144112659_6529617674639507456_n.jpg\",\"datePublished\":\"2019-06-25T19:31:41+00:00\",\"dateModified\":\"2021-04-29T08:41:49+00:00\",\"breadcrumb\":{\"@id\":\"https:\/\/www.maconnerie-et-compagnie.com\/#breadcrumb\"},\"inLanguage\":\"en-GB\",\"potentialAction\":[{\"@type\":\"ReadAction\",\"target\":[\"https:\/\/www.maconnerie-et-compagnie.com\/\"]}]},{\"@type\":\"ImageObject\",\"inLanguage\":\"en-GB\",\"@id\":\"https:\/\/www.maconnerie-et-compagnie.com\/#primaryimage\",\"url\":\"http:\/\/www.maconnerie-et-compagnie.com\/wp-content\/uploads\/2019\/06\/62474043_400696144112659_6529617674639507456_n.jpg\",\"contentUrl\":\"http:\/\/www.maconnerie-et-compagnie.com\/wp-content\/uploads\/2019\/06\/62474043_400696144112659_6529617674639507456_n.jpg\"},{\"@type\":\"BreadcrumbList\",\"@id\":\"https:\/\/www.maconnerie-et-compagnie.com\/#breadcrumb\",\"itemListElement\":[{\"@type\":\"ListItem\",\"position\":1,\"name\":\"Accueil\",\"item\":\"https:\/\/www.maconnerie-et-compagnie.com\/\"},{\"@type\":\"ListItem\",\"position\":2,\"name\":\"Accueil\"}]},{\"@type\":\"WebSite\",\"@id\":\"https:\/\/www.maconnerie-et-compagnie.com\/#website\",\"url\":\"https:\/\/www.maconnerie-et-compagnie.com\/\",\"name\":\"Ma\u00e7onnerie & Compagnie\",\"description\":\"Dans le respect de la nature.\",\"publisher\":{\"@id\":\"https:\/\/www.maconnerie-et-compagnie.com\/#organization\"},\"potentialAction\":[{\"@type\":\"SearchAction\",\"target\":{\"@type\":\"EntryPoint\",\"urlTemplate\":\"https:\/\/www.maconnerie-et-compagnie.com\/?s={search_term_string}\"},\"query-input\":{\"@type\":\"PropertyValueSpecification\",\"valueRequired\":true,\"valueName\":\"search_term_string\"}}],\"inLanguage\":\"en-GB\"},{\"@type\":\"Organization\",\"@id\":\"https:\/\/www.maconnerie-et-compagnie.com\/#organization\",\"name\":\"Ma\u00e7onnerie & Compagnie\",\"url\":\"https:\/\/www.maconnerie-et-compagnie.com\/\",\"logo\":{\"@type\":\"ImageObject\",\"inLanguage\":\"en-GB\",\"@id\":\"https:\/\/www.maconnerie-et-compagnie.com\/#\/schema\/logo\/image\/\",\"url\":\"https:\/\/www.maconnerie-et-compagnie.com\/wp-content\/uploads\/2025\/01\/cropped-Logo.png\",\"contentUrl\":\"https:\/\/www.maconnerie-et-compagnie.com\/wp-content\/uploads\/2025\/01\/cropped-Logo.png\",\"width\":512,\"height\":512,\"caption\":\"Ma\u00e7onnerie & Compagnie\"},\"image\":{\"@id\":\"https:\/\/www.maconnerie-et-compagnie.com\/#\/schema\/logo\/image\/\"},\"sameAs\":[\"https:\/\/www.facebook.com\/p\/Maonnerie-et-compagnie-100057422509060\/\"]}]}<\/script>\n<!-- \/ Yoast SEO plugin. -->","yoast_head_json":{"title":"Accueil - Ma\u00e7onnerie &amp; Compagnie","robots":{"index":"index","follow":"follow","max-snippet":"max-snippet:-1","max-image-preview":"max-image-preview:large","max-video-preview":"max-video-preview:-1"},"canonical":"https:\/\/www.maconnerie-et-compagnie.com\/en\/","og_locale":"en_GB","og_type":"article","og_title":"Accueil - Ma\u00e7onnerie &amp; Compagnie","og_description":"L\u2019entreprise Ma\u00e7onnerie et Compagnie- EIRL Simon Genty, est situ\u00e9e \u00e0 Moutiers sous-Argenton, au nord des Deux-S\u00e8vres \u00e0 proximit\u00e9 de Thouars et de Bressuire avec un rayon d\u2019action de 45km jusqu\u2019\u00e0 Cholet, Saumur, Parthenay. Nous vous proposons nos services et notre savoir-faire en mati\u00e8re de restauration du patrimoine et de r\u00e9novation \u00e9cologique. Notre entreprise privil\u00e9gie l\u2019utilisation [&hellip;]","og_url":"https:\/\/www.maconnerie-et-compagnie.com\/en\/","og_site_name":"Ma\u00e7onnerie &amp; Compagnie","article_publisher":"https:\/\/www.facebook.com\/p\/Maonnerie-et-compagnie-100057422509060\/","article_modified_time":"2021-04-29T08:41:49+00:00","og_image":[{"url":"http:\/\/www.maconnerie-et-compagnie.com\/wp-content\/uploads\/2019\/06\/62474043_400696144112659_6529617674639507456_n.jpg","type":"","width":"","height":""}],"twitter_card":"summary_large_image","twitter_misc":{"Estimated reading time":"1 minute"},"schema":{"@context":"https:\/\/schema.org","@graph":[{"@type":"WebPage","@id":"https:\/\/www.maconnerie-et-compagnie.com\/","url":"https:\/\/www.maconnerie-et-compagnie.com\/","name":"Accueil - Ma\u00e7onnerie &amp; Compagnie","isPartOf":{"@id":"https:\/\/www.maconnerie-et-compagnie.com\/#website"},"primaryImageOfPage":{"@id":"https:\/\/www.maconnerie-et-compagnie.com\/#primaryimage"},"image":{"@id":"https:\/\/www.maconnerie-et-compagnie.com\/#primaryimage"},"thumbnailUrl":"http:\/\/www.maconnerie-et-compagnie.com\/wp-content\/uploads\/2019\/06\/62474043_400696144112659_6529617674639507456_n.jpg","datePublished":"2019-06-25T19:31:41+00:00","dateModified":"2021-04-29T08:41:49+00:00","breadcrumb":{"@id":"https:\/\/www.maconnerie-et-compagnie.com\/#breadcrumb"},"inLanguage":"en-GB","potentialAction":[{"@type":"ReadAction","target":["https:\/\/www.maconnerie-et-compagnie.com\/"]}]},{"@type":"ImageObject","inLanguage":"en-GB","@id":"https:\/\/www.maconnerie-et-compagnie.com\/#primaryimage","url":"http:\/\/www.maconnerie-et-compagnie.com\/wp-content\/uploads\/2019\/06\/62474043_400696144112659_6529617674639507456_n.jpg","contentUrl":"http:\/\/www.maconnerie-et-compagnie.com\/wp-content\/uploads\/2019\/06\/62474043_400696144112659_6529617674639507456_n.jpg"},{"@type":"BreadcrumbList","@id":"https:\/\/www.maconnerie-et-compagnie.com\/#breadcrumb","itemListElement":[{"@type":"ListItem","position":1,"name":"Accueil","item":"https:\/\/www.maconnerie-et-compagnie.com\/"},{"@type":"ListItem","position":2,"name":"Accueil"}]},{"@type":"WebSite","@id":"https:\/\/www.maconnerie-et-compagnie.com\/#website","url":"https:\/\/www.maconnerie-et-compagnie.com\/","name":"Ma\u00e7onnerie & Compagnie","description":"Dans le respect de la nature.","publisher":{"@id":"https:\/\/www.maconnerie-et-compagnie.com\/#organization"},"potentialAction":[{"@type":"SearchAction","target":{"@type":"EntryPoint","urlTemplate":"https:\/\/www.maconnerie-et-compagnie.com\/?s={search_term_string}"},"query-input":{"@type":"PropertyValueSpecification","valueRequired":true,"valueName":"search_term_string"}}],"inLanguage":"en-GB"},{"@type":"Organization","@id":"https:\/\/www.maconnerie-et-compagnie.com\/#organization","name":"Ma\u00e7onnerie & Compagnie","url":"https:\/\/www.maconnerie-et-compagnie.com\/","logo":{"@type":"ImageObject","inLanguage":"en-GB","@id":"https:\/\/www.maconnerie-et-compagnie.com\/#\/schema\/logo\/image\/","url":"https:\/\/www.maconnerie-et-compagnie.com\/wp-content\/uploads\/2025\/01\/cropped-Logo.png","contentUrl":"https:\/\/www.maconnerie-et-compagnie.com\/wp-content\/uploads\/2025\/01\/cropped-Logo.png","width":512,"height":512,"caption":"Ma\u00e7onnerie & Compagnie"},"image":{"@id":"https:\/\/www.maconnerie-et-compagnie.com\/#\/schema\/logo\/image\/"},"sameAs":["https:\/\/www.facebook.com\/p\/Maonnerie-et-compagnie-100057422509060\/"]}]}},"jetpack_sharing_enabled":true,"_links":{"self":[{"href":"https:\/\/www.maconnerie-et-compagnie.com\/en\/wp-json\/wp\/v2\/pages\/7","targetHints":{"allow":["GET"]}}],"collection":[{"href":"https:\/\/www.maconnerie-et-compagnie.com\/en\/wp-json\/wp\/v2\/pages"}],"about":[{"href":"https:\/\/www.maconnerie-et-compagnie.com\/en\/wp-json\/wp\/v2\/types\/page"}],"author":[{"embeddable":true,"href":"https:\/\/www.maconnerie-et-compagnie.com\/en\/wp-json\/wp\/v2\/users\/1"}],"replies":[{"embeddable":true,"href":"https:\/\/www.maconnerie-et-compagnie.com\/en\/wp-json\/wp\/v2\/comments?post=7"}],"version-history":[{"count":6,"href":"https:\/\/www.maconnerie-et-compagnie.com\/en\/wp-json\/wp\/v2\/pages\/7\/revisions"}],"predecessor-version":[{"id":302,"href":"https:\/\/www.maconnerie-et-compagnie.com\/en\/wp-json\/wp\/v2\/pages\/7\/revisions\/302"}],"wp:attachment":[{"href":"https:\/\/www.maconnerie-et-compagnie.com\/en\/wp-json\/wp\/v2\/media?parent=7"}],"curies":[{"name":"wp","href":"https:\/\/api.w.org\/{rel}","templated":true}]}}