{"id":9,"date":"2019-06-25T21:32:25","date_gmt":"2019-06-25T19:32:25","guid":{"rendered":"http:\/\/www.maconnerie-et-compagnie.com\/?page_id=9"},"modified":"2019-06-25T23:12:43","modified_gmt":"2019-06-25T21:12:43","slug":"amelioration-de-lhabitat","status":"publish","type":"page","link":"https:\/\/www.maconnerie-et-compagnie.com\/en\/amelioration-de-lhabitat\/","title":{"rendered":"Improvement of the habitat"},"content":{"rendered":"<p> Masonry and Company is at your disposal and brings you advice and solutions tailored to your needs in the following areas:<\/p>\n\n\n\n<ul class=\"wp-block-list\"><li>Ecological insulation<\/li><li>Finishing plaster<\/li><li>Opening creation<\/li><li>Blanket<\/li><\/ul>\n\n\n\n<h4 class=\"wp-block-heading\">ECOLOGICAL INSULATION<\/h4>\n\n\n\n<p><em>Would you like to isolate, ecologically, the interior of your home? <\/em><\/p>\n\n\n\n<p>We offer insulation based lime and hemp for your walls and your floor<br>The lime-hemp plaster is applied on interior walls to a thickness of 8 to 10 centimeters. It ensures a healthy regulation of the humidity in the house while letting the walls breathe. In addition, it also avoids the sometimes cold effect of stone walls. <\/p>\n\n\n\n<div class=\"wp-block-media-text alignwide\" style=\"grid-template-columns:58% auto\"><figure class=\"wp-block-media-text__media\"><img fetchpriority=\"high\" decoding=\"async\" width=\"264\" height=\"389\" src=\"http:\/\/www.maconnerie-et-compagnie.com\/wp-content\/uploads\/2019\/06\/btc-c6b0c.jpg\" alt=\"\" class=\"wp-image-51\" srcset=\"https:\/\/www.maconnerie-et-compagnie.com\/wp-content\/uploads\/2019\/06\/btc-c6b0c.jpg 264w, https:\/\/www.maconnerie-et-compagnie.com\/wp-content\/uploads\/2019\/06\/btc-c6b0c-204x300.jpg 204w\" sizes=\"(max-width: 264px) 100vw, 264px\" \/><\/figure><div class=\"wp-block-media-text__content\">\n<p>\nClay brick\n\n<\/p>\n\n\n\n<p>\nTo keep the heat to a minimum, consider installing a mud brick wall.\n\n<\/p>\n<\/div><\/div>\n\n\n\n<p> The slab <em>lime-hemp<\/em> is implemented on a limestone hedgehog 15 to 20 cm thick, for homes very wet a drain can be spent in this hedge. I recommend a thickness of 10 to 15 cm for the slab lime-hemp. This technique, unlike the cement slab, guarantees the insulation of your floor while avoiding the rise of moisture, by capillarity, in your walls.  <\/p>\n\n\n\n<h4 class=\"wp-block-heading\"> FINISH <\/h4>\n\n\n\n<p><em>Your walls are mounted, well insulated, all you need is the finish? <\/em><\/p>\n\n\n\n<p> Masonry and Company offers a range of coatings based on lime or clay.  <\/p>\n\n\n\n<p> Clay and lime plaster mixes with any decorating style, from the most contemporary to the most rustic. Indeed, depending on the technique used, the result is very different from one coating to another. Nevertheless, all these coatings based on natural materials have in common to create a warm atmosphere.  <\/p>\n\n\n\n<ul class=\"wp-block-gallery columns-2 is-cropped wp-block-gallery-1 is-layout-flex wp-block-gallery-is-layout-flex\"><li class=\"blocks-gallery-item\"><figure><img decoding=\"async\" width=\"400\" height=\"300\" src=\"http:\/\/www.maconnerie-et-compagnie.com\/wp-content\/uploads\/2019\/06\/enduit_proutiere_1_-25da1.jpg\" alt=\"\" data-id=\"53\" data-link=\"http:\/\/www.maconnerie-et-compagnie.com\/amelioration-de-lhabitat\/enduit_proutiere_1_-25da1\/\" class=\"wp-image-53\" srcset=\"https:\/\/www.maconnerie-et-compagnie.com\/wp-content\/uploads\/2019\/06\/enduit_proutiere_1_-25da1.jpg 400w, https:\/\/www.maconnerie-et-compagnie.com\/wp-content\/uploads\/2019\/06\/enduit_proutiere_1_-25da1-300x225.jpg 300w\" sizes=\"(max-width: 400px) 100vw, 400px\" \/><figcaption> clay (of different natural colors) <\/figcaption><\/figure><\/li><li class=\"blocks-gallery-item\"><figure><img decoding=\"async\" width=\"400\" height=\"389\" src=\"http:\/\/www.maconnerie-et-compagnie.com\/wp-content\/uploads\/2019\/06\/pierre_apparente.resized-2-2-65912.jpg\" alt=\"\" data-id=\"54\" data-link=\"http:\/\/www.maconnerie-et-compagnie.com\/amelioration-de-lhabitat\/pierre_apparente-resized-2-2-65912\/\" class=\"wp-image-54\" srcset=\"https:\/\/www.maconnerie-et-compagnie.com\/wp-content\/uploads\/2019\/06\/pierre_apparente.resized-2-2-65912.jpg 400w, https:\/\/www.maconnerie-et-compagnie.com\/wp-content\/uploads\/2019\/06\/pierre_apparente.resized-2-2-65912-300x292.jpg 300w\" sizes=\"(max-width: 400px) 100vw, 400px\" \/><figcaption> lime brushed, floated and sponged, scraped, exposed stones <\/figcaption><\/figure><\/li><\/ul>\n\n\n\n<h4 class=\"wp-block-heading\"> OPENING <\/h4>\n\n\n\n<p><em>Want to create or enlarge an opening?<\/em><\/p>\n\n\n\n<p> We realize all types of openings in the respect of the architecture and the style of your house.  <\/p>\n\n\n\n<figure class=\"wp-block-image is-resized\"><img loading=\"lazy\" decoding=\"async\" src=\"http:\/\/www.maconnerie-et-compagnie.com\/wp-content\/uploads\/2019\/06\/p6.resized-2-2-98ae5.jpg\" alt=\"\" class=\"wp-image-56\" width=\"426\" height=\"320\" srcset=\"https:\/\/www.maconnerie-et-compagnie.com\/wp-content\/uploads\/2019\/06\/p6.resized-2-2-98ae5.jpg 400w, https:\/\/www.maconnerie-et-compagnie.com\/wp-content\/uploads\/2019\/06\/p6.resized-2-2-98ae5-300x225.jpg 300w\" sizes=\"(max-width: 426px) 100vw, 426px\" \/><\/figure>\n\n\n\n<h4 class=\"wp-block-heading\"> BLANKET <\/h4>\n\n\n\n<p> Masonry and Company is involved in the repair and remodeling of your covers.  <\/p>\n\n\n\n<figure class=\"wp-block-image\"><img loading=\"lazy\" decoding=\"async\" width=\"1024\" height=\"683\" src=\"http:\/\/www.maconnerie-et-compagnie.com\/wp-content\/uploads\/2019\/06\/IMG_7941-1024x683.jpg\" alt=\"\" class=\"wp-image-60\" srcset=\"https:\/\/www.maconnerie-et-compagnie.com\/wp-content\/uploads\/2019\/06\/IMG_7941-1024x683.jpg 1024w, https:\/\/www.maconnerie-et-compagnie.com\/wp-content\/uploads\/2019\/06\/IMG_7941-300x200.jpg 300w, https:\/\/www.maconnerie-et-compagnie.com\/wp-content\/uploads\/2019\/06\/IMG_7941-768x512.jpg 768w, https:\/\/www.maconnerie-et-compagnie.com\/wp-content\/uploads\/2019\/06\/IMG_7941-1200x800.jpg 1200w\" sizes=\"(max-width: 1024px) 100vw, 1024px\" \/><\/figure>","protected":false},"excerpt":{"rendered":"<p>Ma\u00e7onnerie et Compagnie est \u00e0 votre \u00e9coute et vous apporte des conseils et des solutions adapt\u00e9es \u00e0 vos besoin dans les domaines suivants: Isolation \u00e9cologique Enduit de finition Cr\u00e9ation d&rsquo;ouverture Couverture ISOLATION \u00c9COLOGIQUE Vous souhaiter isoler, de mani\u00e8re \u00e9cologique, l\u2019int\u00e9rieure de votre habitation ? Nous vous proposons une isolation \u00e0 base de chaux et de [&hellip;]<\/p>","protected":false},"author":1,"featured_media":0,"parent":0,"menu_order":0,"comment_status":"closed","ping_status":"closed","template":"","meta":{"footnotes":""},"class_list":["post-9","page","type-page","status-publish","hentry","entry"],"yoast_head":"<!-- This site is optimized with the Yoast SEO plugin v24.5 - https:\/\/yoast.com\/wordpress\/plugins\/seo\/ -->\n<title>Am\u00e9lioration de l&#039;habitat - Ma\u00e7onnerie &amp; Compagnie<\/title>\n<meta name=\"robots\" content=\"index, follow, max-snippet:-1, max-image-preview:large, max-video-preview:-1\" \/>\n<link rel=\"canonical\" href=\"https:\/\/www.maconnerie-et-compagnie.com\/en\/amelioration-de-lhabitat\/\" \/>\n<meta property=\"og:locale\" content=\"en_GB\" \/>\n<meta property=\"og:type\" content=\"article\" \/>\n<meta property=\"og:title\" content=\"Am\u00e9lioration de l&#039;habitat - Ma\u00e7onnerie &amp; Compagnie\" \/>\n<meta property=\"og:description\" content=\"Ma\u00e7onnerie et Compagnie est \u00e0 votre \u00e9coute et vous apporte des conseils et des solutions adapt\u00e9es \u00e0 vos besoin dans les domaines suivants: Isolation \u00e9cologique Enduit de finition Cr\u00e9ation d&rsquo;ouverture Couverture ISOLATION \u00c9COLOGIQUE Vous souhaiter isoler, de mani\u00e8re \u00e9cologique, l\u2019int\u00e9rieure de votre habitation ? Nous vous proposons une isolation \u00e0 base de chaux et de [&hellip;]\" \/>\n<meta property=\"og:url\" content=\"https:\/\/www.maconnerie-et-compagnie.com\/en\/amelioration-de-lhabitat\/\" \/>\n<meta property=\"og:site_name\" content=\"Ma\u00e7onnerie &amp; Compagnie\" \/>\n<meta property=\"article:publisher\" content=\"https:\/\/www.facebook.com\/p\/Maonnerie-et-compagnie-100057422509060\/\" \/>\n<meta property=\"article:modified_time\" content=\"2019-06-25T21:12:43+00:00\" \/>\n<meta property=\"og:image\" content=\"http:\/\/www.maconnerie-et-compagnie.com\/wp-content\/uploads\/2019\/06\/btc-c6b0c.jpg\" \/>\n<meta name=\"twitter:card\" content=\"summary_large_image\" \/>\n<meta name=\"twitter:label1\" content=\"Estimated reading time\" \/>\n\t<meta name=\"twitter:data1\" content=\"2 minutes\" \/>\n<script type=\"application\/ld+json\" class=\"yoast-schema-graph\">{\"@context\":\"https:\/\/schema.org\",\"@graph\":[{\"@type\":\"WebPage\",\"@id\":\"https:\/\/www.maconnerie-et-compagnie.com\/amelioration-de-lhabitat\/\",\"url\":\"https:\/\/www.maconnerie-et-compagnie.com\/amelioration-de-lhabitat\/\",\"name\":\"Am\u00e9lioration de l'habitat - Ma\u00e7onnerie &amp; Compagnie\",\"isPartOf\":{\"@id\":\"https:\/\/www.maconnerie-et-compagnie.com\/#website\"},\"primaryImageOfPage\":{\"@id\":\"https:\/\/www.maconnerie-et-compagnie.com\/amelioration-de-lhabitat\/#primaryimage\"},\"image\":{\"@id\":\"https:\/\/www.maconnerie-et-compagnie.com\/amelioration-de-lhabitat\/#primaryimage\"},\"thumbnailUrl\":\"http:\/\/www.maconnerie-et-compagnie.com\/wp-content\/uploads\/2019\/06\/btc-c6b0c.jpg\",\"datePublished\":\"2019-06-25T19:32:25+00:00\",\"dateModified\":\"2019-06-25T21:12:43+00:00\",\"breadcrumb\":{\"@id\":\"https:\/\/www.maconnerie-et-compagnie.com\/amelioration-de-lhabitat\/#breadcrumb\"},\"inLanguage\":\"en-GB\",\"potentialAction\":[{\"@type\":\"ReadAction\",\"target\":[\"https:\/\/www.maconnerie-et-compagnie.com\/amelioration-de-lhabitat\/\"]}]},{\"@type\":\"ImageObject\",\"inLanguage\":\"en-GB\",\"@id\":\"https:\/\/www.maconnerie-et-compagnie.com\/amelioration-de-lhabitat\/#primaryimage\",\"url\":\"http:\/\/www.maconnerie-et-compagnie.com\/wp-content\/uploads\/2019\/06\/btc-c6b0c.jpg\",\"contentUrl\":\"http:\/\/www.maconnerie-et-compagnie.com\/wp-content\/uploads\/2019\/06\/btc-c6b0c.jpg\"},{\"@type\":\"BreadcrumbList\",\"@id\":\"https:\/\/www.maconnerie-et-compagnie.com\/amelioration-de-lhabitat\/#breadcrumb\",\"itemListElement\":[{\"@type\":\"ListItem\",\"position\":1,\"name\":\"Accueil\",\"item\":\"https:\/\/www.maconnerie-et-compagnie.com\/\"},{\"@type\":\"ListItem\",\"position\":2,\"name\":\"Am\u00e9lioration de l&rsquo;habitat\"}]},{\"@type\":\"WebSite\",\"@id\":\"https:\/\/www.maconnerie-et-compagnie.com\/#website\",\"url\":\"https:\/\/www.maconnerie-et-compagnie.com\/\",\"name\":\"Ma\u00e7onnerie & Compagnie\",\"description\":\"Dans le respect de la nature.\",\"publisher\":{\"@id\":\"https:\/\/www.maconnerie-et-compagnie.com\/#organization\"},\"potentialAction\":[{\"@type\":\"SearchAction\",\"target\":{\"@type\":\"EntryPoint\",\"urlTemplate\":\"https:\/\/www.maconnerie-et-compagnie.com\/?s={search_term_string}\"},\"query-input\":{\"@type\":\"PropertyValueSpecification\",\"valueRequired\":true,\"valueName\":\"search_term_string\"}}],\"inLanguage\":\"en-GB\"},{\"@type\":\"Organization\",\"@id\":\"https:\/\/www.maconnerie-et-compagnie.com\/#organization\",\"name\":\"Ma\u00e7onnerie & Compagnie\",\"url\":\"https:\/\/www.maconnerie-et-compagnie.com\/\",\"logo\":{\"@type\":\"ImageObject\",\"inLanguage\":\"en-GB\",\"@id\":\"https:\/\/www.maconnerie-et-compagnie.com\/#\/schema\/logo\/image\/\",\"url\":\"https:\/\/www.maconnerie-et-compagnie.com\/wp-content\/uploads\/2025\/01\/cropped-Logo.png\",\"contentUrl\":\"https:\/\/www.maconnerie-et-compagnie.com\/wp-content\/uploads\/2025\/01\/cropped-Logo.png\",\"width\":512,\"height\":512,\"caption\":\"Ma\u00e7onnerie & Compagnie\"},\"image\":{\"@id\":\"https:\/\/www.maconnerie-et-compagnie.com\/#\/schema\/logo\/image\/\"},\"sameAs\":[\"https:\/\/www.facebook.com\/p\/Maonnerie-et-compagnie-100057422509060\/\"]}]}<\/script>\n<!-- \/ Yoast SEO plugin. -->","yoast_head_json":{"title":"Am\u00e9lioration de l'habitat - Ma\u00e7onnerie &amp; Compagnie","robots":{"index":"index","follow":"follow","max-snippet":"max-snippet:-1","max-image-preview":"max-image-preview:large","max-video-preview":"max-video-preview:-1"},"canonical":"https:\/\/www.maconnerie-et-compagnie.com\/en\/amelioration-de-lhabitat\/","og_locale":"en_GB","og_type":"article","og_title":"Am\u00e9lioration de l'habitat - Ma\u00e7onnerie &amp; Compagnie","og_description":"Ma\u00e7onnerie et Compagnie est \u00e0 votre \u00e9coute et vous apporte des conseils et des solutions adapt\u00e9es \u00e0 vos besoin dans les domaines suivants: Isolation \u00e9cologique Enduit de finition Cr\u00e9ation d&rsquo;ouverture Couverture ISOLATION \u00c9COLOGIQUE Vous souhaiter isoler, de mani\u00e8re \u00e9cologique, l\u2019int\u00e9rieure de votre habitation ? Nous vous proposons une isolation \u00e0 base de chaux et de [&hellip;]","og_url":"https:\/\/www.maconnerie-et-compagnie.com\/en\/amelioration-de-lhabitat\/","og_site_name":"Ma\u00e7onnerie &amp; Compagnie","article_publisher":"https:\/\/www.facebook.com\/p\/Maonnerie-et-compagnie-100057422509060\/","article_modified_time":"2019-06-25T21:12:43+00:00","og_image":[{"url":"http:\/\/www.maconnerie-et-compagnie.com\/wp-content\/uploads\/2019\/06\/btc-c6b0c.jpg","type":"","width":"","height":""}],"twitter_card":"summary_large_image","twitter_misc":{"Estimated reading time":"2 minutes"},"schema":{"@context":"https:\/\/schema.org","@graph":[{"@type":"WebPage","@id":"https:\/\/www.maconnerie-et-compagnie.com\/amelioration-de-lhabitat\/","url":"https:\/\/www.maconnerie-et-compagnie.com\/amelioration-de-lhabitat\/","name":"Am\u00e9lioration de l'habitat - Ma\u00e7onnerie &amp; Compagnie","isPartOf":{"@id":"https:\/\/www.maconnerie-et-compagnie.com\/#website"},"primaryImageOfPage":{"@id":"https:\/\/www.maconnerie-et-compagnie.com\/amelioration-de-lhabitat\/#primaryimage"},"image":{"@id":"https:\/\/www.maconnerie-et-compagnie.com\/amelioration-de-lhabitat\/#primaryimage"},"thumbnailUrl":"http:\/\/www.maconnerie-et-compagnie.com\/wp-content\/uploads\/2019\/06\/btc-c6b0c.jpg","datePublished":"2019-06-25T19:32:25+00:00","dateModified":"2019-06-25T21:12:43+00:00","breadcrumb":{"@id":"https:\/\/www.maconnerie-et-compagnie.com\/amelioration-de-lhabitat\/#breadcrumb"},"inLanguage":"en-GB","potentialAction":[{"@type":"ReadAction","target":["https:\/\/www.maconnerie-et-compagnie.com\/amelioration-de-lhabitat\/"]}]},{"@type":"ImageObject","inLanguage":"en-GB","@id":"https:\/\/www.maconnerie-et-compagnie.com\/amelioration-de-lhabitat\/#primaryimage","url":"http:\/\/www.maconnerie-et-compagnie.com\/wp-content\/uploads\/2019\/06\/btc-c6b0c.jpg","contentUrl":"http:\/\/www.maconnerie-et-compagnie.com\/wp-content\/uploads\/2019\/06\/btc-c6b0c.jpg"},{"@type":"BreadcrumbList","@id":"https:\/\/www.maconnerie-et-compagnie.com\/amelioration-de-lhabitat\/#breadcrumb","itemListElement":[{"@type":"ListItem","position":1,"name":"Accueil","item":"https:\/\/www.maconnerie-et-compagnie.com\/"},{"@type":"ListItem","position":2,"name":"Am\u00e9lioration de l&rsquo;habitat"}]},{"@type":"WebSite","@id":"https:\/\/www.maconnerie-et-compagnie.com\/#website","url":"https:\/\/www.maconnerie-et-compagnie.com\/","name":"Ma\u00e7onnerie & Compagnie","description":"Dans le respect de la nature.","publisher":{"@id":"https:\/\/www.maconnerie-et-compagnie.com\/#organization"},"potentialAction":[{"@type":"SearchAction","target":{"@type":"EntryPoint","urlTemplate":"https:\/\/www.maconnerie-et-compagnie.com\/?s={search_term_string}"},"query-input":{"@type":"PropertyValueSpecification","valueRequired":true,"valueName":"search_term_string"}}],"inLanguage":"en-GB"},{"@type":"Organization","@id":"https:\/\/www.maconnerie-et-compagnie.com\/#organization","name":"Ma\u00e7onnerie & Compagnie","url":"https:\/\/www.maconnerie-et-compagnie.com\/","logo":{"@type":"ImageObject","inLanguage":"en-GB","@id":"https:\/\/www.maconnerie-et-compagnie.com\/#\/schema\/logo\/image\/","url":"https:\/\/www.maconnerie-et-compagnie.com\/wp-content\/uploads\/2025\/01\/cropped-Logo.png","contentUrl":"https:\/\/www.maconnerie-et-compagnie.com\/wp-content\/uploads\/2025\/01\/cropped-Logo.png","width":512,"height":512,"caption":"Ma\u00e7onnerie & Compagnie"},"image":{"@id":"https:\/\/www.maconnerie-et-compagnie.com\/#\/schema\/logo\/image\/"},"sameAs":["https:\/\/www.facebook.com\/p\/Maonnerie-et-compagnie-100057422509060\/"]}]}},"jetpack_sharing_enabled":true,"_links":{"self":[{"href":"https:\/\/www.maconnerie-et-compagnie.com\/en\/wp-json\/wp\/v2\/pages\/9","targetHints":{"allow":["GET"]}}],"collection":[{"href":"https:\/\/www.maconnerie-et-compagnie.com\/en\/wp-json\/wp\/v2\/pages"}],"about":[{"href":"https:\/\/www.maconnerie-et-compagnie.com\/en\/wp-json\/wp\/v2\/types\/page"}],"author":[{"embeddable":true,"href":"https:\/\/www.maconnerie-et-compagnie.com\/en\/wp-json\/wp\/v2\/users\/1"}],"replies":[{"embeddable":true,"href":"https:\/\/www.maconnerie-et-compagnie.com\/en\/wp-json\/wp\/v2\/comments?post=9"}],"version-history":[{"count":6,"href":"https:\/\/www.maconnerie-et-compagnie.com\/en\/wp-json\/wp\/v2\/pages\/9\/revisions"}],"predecessor-version":[{"id":82,"href":"https:\/\/www.maconnerie-et-compagnie.com\/en\/wp-json\/wp\/v2\/pages\/9\/revisions\/82"}],"wp:attachment":[{"href":"https:\/\/www.maconnerie-et-compagnie.com\/en\/wp-json\/wp\/v2\/media?parent=9"}],"curies":[{"name":"wp","href":"https:\/\/api.w.org\/{rel}","templated":true}]}}